{"id":2119,"date":"2022-04-22T17:24:47","date_gmt":"2022-04-22T15:24:47","guid":{"rendered":"https:\/\/campinglepommier.com\/?page_id=2119"},"modified":"2022-04-26T17:20:04","modified_gmt":"2022-04-26T15:20:04","slug":"de-grotten-van-de-ardeche","status":"publish","type":"page","link":"https:\/\/campinglepommier.com\/nl\/wat-te-doen-ontdek-de-rijkdommen-van-de-ardeche\/de-grotten-van-de-ardeche\/","title":{"rendered":"De grotten van de Ard\u00e8che"},"content":{"rendered":"\n<div class=\"wp-block-yootheme-widgetkit\">\n<div class=\" \" uk-slider=\"sets: true; autoplay-interval: 3500; pause-on-hover: false\">\n\n    \n    <div class=\"uk-position-relative uk-visible-toggle uk-margin\">\n\n        <ul class=\"uk-slider-items uk-grid uk-grid-match uk-child-width-1-1 uk-child-width-1-2@s uk-child-width-1-4@m uk-grid-small\">\n        \n            <li >\n\n                <div class=\"uk-panel uk-text-center\">\n\n                    \n                    \n                                        <div class=\"uk-text-center uk-margin uk-margin-remove-top\"><div class=\"uk-inline-clip \"><img decoding=\"async\" src=\"\/wp-content\/plugins\/widgetkit\/cache\/Aven_dOrgnac_-4959bf272591b3bd55dbbe929a21768a.jpg\" class=\" uk-transition-scale-up uk-transition-opaque\" alt=\"Ciela Village\" width=\"500\" height=\"400\"><\/div><\/div>\n                    \n                    \n                        \n                        \n                        \n                        \n                        \n                        \n                        \n                    \n                <\/div>\n\n            <\/li>\n\n        \n            <li >\n\n                <div class=\"uk-panel uk-text-center\">\n\n                    \n                    \n                                        <div class=\"uk-text-center uk-margin uk-margin-remove-top\"><div class=\"uk-inline-clip \"><img decoding=\"async\" src=\"\/wp-content\/plugins\/widgetkit\/cache\/Aven-Marzal-e0769f8f578b71720018e0887d1ce350.jpg\" class=\" uk-transition-scale-up uk-transition-opaque\" alt=\"Ciela Village\" width=\"500\" height=\"400\"><\/div><\/div>\n                    \n                    \n                        \n                        \n                        \n                        \n                        \n                        \n                        \n                    \n                <\/div>\n\n            <\/li>\n\n        \n            <li >\n\n                <div class=\"uk-panel uk-text-center\">\n\n                    \n                    \n                                        <div class=\"uk-text-center uk-margin uk-margin-remove-top\"><div class=\"uk-inline-clip \"><img decoding=\"async\" src=\"\/wp-content\/plugins\/widgetkit\/cache\/Grotte-de-la-madeleine--2d55f5f74bc916d3b5567c84b7abf0d7.jpg\" class=\" uk-transition-scale-up uk-transition-opaque\" alt=\"Ciela Village\" width=\"500\" height=\"400\"><\/div><\/div>\n                    \n                    \n                        \n                        \n                        \n                        \n                        \n                        \n                        \n                    \n                <\/div>\n\n            <\/li>\n\n        \n            <li >\n\n                <div class=\"uk-panel uk-text-center\">\n\n                    \n                    \n                                        <div class=\"uk-text-center uk-margin uk-margin-remove-top\"><div class=\"uk-inline-clip \"><img decoding=\"async\" src=\"\/wp-content\/plugins\/widgetkit\/cache\/La-Grotte-Chauvet-Pont_dArc_-c232427d019c75d634e4aa5057aa3f84.jpg\" class=\" uk-transition-scale-up uk-transition-opaque\" alt=\"Ciela Village\" width=\"500\" height=\"400\"><\/div><\/div>\n                    \n                    \n                        \n                        \n                        \n                        \n                        \n                        \n                        \n                    \n                <\/div>\n\n            <\/li>\n\n                <\/ul>\n\n        \n    <\/div>\n\n    \n        <ul class=\"uk-slider-nav uk-dotnav uk-flex-center uk-margin-remove-bottom\"><\/ul>\n    \n    \n<\/div>\n<\/div>\n\n\n\n<p>De mooiste grotten om te ontdekken tijdens uw verblijf op <strong>onze droomcamping in de Ard\u00e8che<\/strong>. Als u van wateractiviteiten houdt, zult u zeker gaan genieten van het <strong>kano\u00ebn in de Ard\u00e8che<\/strong>.<\/p>\n\n\n\n<h2 class=\"wp-block-heading\">De Chauvet 2 grot<\/h2>\n\n\n\n<p><strong>De <\/strong><strong>Grotte Chauvet 2<\/strong><strong>, <\/strong>originele reconstructie van de echte Grotte Chauvet, is gelegen in Vallon Pont d&#8217;Arc. Ontdek de wereld van mannen en vrouwen die 36.000 jaar geleden leefden, buitengewone schilderijen en gravures van vijftien diersoorten die tot leven lijken te komen. Een unieke plek in de wereld die u niet mag missen.<\/p>\n\n\n\n<h3 class=\"wp-block-heading\">EVEN TERUG IN DE TIJD TIJDENS UW VERBLIJF OP CAMPING LE POMMIER<\/h3>\n\n\n\n<p>Een van &#8217;s werelds mooiste meesterwerken van de mensheid neemt u 36.000 jaar mee terug in de tijd. U hebt een afspraak met uw voorouders, de Aurignaci\u00ebrs, en met hun &#8220;huisdieren&#8221;, waaronder de Mammoeten, die hier op ware grootte zijn nagebouwd. In Grotte Chauvet 2 kunt u dicht bij de muren komen om de getrouw gereproduceerde tekeningen te bekijken en te ontcijferen. Het bezoek wordt afgelegd met een koptelefoon voor een totale belevenis van het prehistorische tijdperk. De Chauvet 2-grot is een pedagogisch model en elk kind komt er anders uit, want de werkelijkheid gaat veel verder dan wat in de geschiedenisboeken staat geschreven. Een ongelooflijke ervaring voor het hele gezin.<\/p>\n\n\n\n<h3 class=\"wp-block-heading\">EEN BEETJE GESCHIEDENIS<\/h3>\n\n\n\n<p>De <strong>Chauvet grot<\/strong> in de <strong>Ard\u00e8che<\/strong> staat op de Werelderfgoedlijst van de UNESCO en werd in 1994 ontdekt door drie speleologen. De grot dateert van 36.000 jaar geleden en is gesloten gebleven voor het publiek om de schilderingen op de wanden te behouden. Maar <strong>Grotte Chauvet 2<\/strong>, een nabootsing van de oorspronkelijke grot, is nu de grootste replica ter wereld!<\/p>\n\n\n\n<h3 class=\"wp-block-heading\">EEN REIS IN DE PREHISTORIE<\/h3>\n\n\n\n<p>Gedurende het hele seizoen organiseert de <strong>Grotte Chauvet 2<\/strong> evenementen en workshops voor het hele gezin. Leer in een paleolithisch nederzetting om vuur te maken, zonder aansteker of lucifers, of ga op jacht naar bizons met een speer.&nbsp; Maak tekeningen zoals onze voorouders deden of maak muziek met hun instrumenten. Sieraden, ornamenten, kleding en gereedschap vertellen het verhaal van degenen voor wie kinderen een passie hebben: de prehistorische mens, die hun eerste vragen oproept.<\/p>\n\n\n\n<h3 class=\"wp-block-heading\">VERGEET NIET TE BOEKEN!<\/h3>\n\n\n\n<p>Om <strong>Grotte Chauvet 2<\/strong> te bezoeken, kunt u het beste van te voren reserveren en 30 minuten voor aanvang van het bezoek aanwezig zijn. Het bezoek aan de replica-grot duurt een uur. Voor of na het bezoek kunt u een uur uittrekken voor een bezoek aan de Aurignacian-galerij, waar u de levenswijze van de prehistorische mens en zijn leefomgeving kunt ontdekken en aan activiteiten kunt deelnemen. U vindt ter plekke ook een restaurant. Met de auto bent u er in 35 minuten, neem de richting van Vallon Pont d&#8217;Arc. Neem een warm kledingstuk mee, in de grot is het 16 graden.<\/p>\n\n\n\n<p>Voor meer informatie:&nbsp;<a href=\"https:\/\/www.grottechauvet2ardeche.com\/\">https:\/\/www.grottechauvet2ardeche.com\/<\/a><\/p>\n\n\n\n<h2 class=\"wp-block-heading\">Andere grotten die u zeker ook moet bezoeken tijdens uw verblijf in de Ard\u00e8che<\/h2>\n\n\n\n<p>In de Ard\u00e8che hebben we niet alleen de beroemde grot Chauvet 2; er zijn ongeveer 500 grotten in de Ard\u00e8che, waarvan hier een paar die open zijn voor het publiek en die u tijdens uw verblijf op onze camping kunt ontdekken.&nbsp;&nbsp;<\/p>\n\n\n\n<div class=\"wp-block-yootheme-widgetkit\">\n<ul class=\"uk-accordion uk-text-left \" uk-accordion=\"\">\n\n        <li >\n\n    \n\n<div href class=\"uk-accordion-title\">De Madeleine grot<\/div>\n\n\n\n            \n\n        <div class=\"uk-accordion-content\">\n\n            \n            \n            \n                        <div class=\"uk-margin\"><p>De Madeleine grot in de gemeente Saint-Rem&egrave;ze op de linkeroever van de Gorges de l'Ard&egrave;che opent zich in het hart van de klif, u bezoekt er op verschillende niveaus zalen met gekleurde kalkafzettingen.&nbsp;De 25 zalen zijn verdeeld over een circuit van ongeveer 500 m en bieden prachtige decors.&nbsp;Een niet te missen plek, midden in de toeristische route van de Gorges de l'Ard&egrave;che tussen Vallon Pont d'Arc en Saint Martin d'Ard&egrave;che, omgeven door het natuurreservaat met zijn verschillende soorten roofvogels en adembenemende uitzichtpunten.&nbsp;Een uitzonderlijk omgeving waar u deel kunt nemen aan verschillende activiteiten en genieten van een adembenemende \"Sound &amp; Light\" show, laat u overspoelen door het verbazingwekkende verhaal van de ontdekking van deze prachtige grot.&nbsp;Geniet vanaf het spectaculaire uitkijkpunt van de schoonheid van het landschap en de canyon, van een tentoonstelling in het Maison de la R&eacute;serve om de omgeving beter te begrijpen en van een ontdekkingspad om de verscheidenheid van fauna en flora te ontdekken.<\/p>\n<p>Voor meer informatie:&nbsp;<a href=\"https:\/\/www.grottemadeleine.com\/\">https:\/\/www.grottemadeleine.com\/<\/a><\/p><\/div>\n            \n            \n            \n            \n        <\/div>\n\n    <\/li>\n        <li >\n\n    \n\n<div href class=\"uk-accordion-title\">De Aven d'Orgnac<\/div>\n\n\n\n            \n\n        <div class=\"uk-accordion-content\">\n\n            \n            \n            \n                        <div class=\"uk-margin\"><p>Aven d'Orgnac, een uitzonderlijke site tussen de Gorges de l'Ard&egrave;che en de Vall&eacute;e de C&egrave;ze.&nbsp;De verrassende grot onthult geologische schatten.&nbsp;De Aven d'Orgnac werd in 1935 door Robert Joly verkend en werd in 1939 aan het publiek onthuld.&nbsp;Vanaf dat moment kende de site een voortdurende groei en in 1988 werd het uitgerust met een regionaal museum, dat vandaag de Cit&eacute; de la Pr&eacute;histoire is geworden.&nbsp;Het verwelkomde 180.000 bezoekers in 2016.&nbsp;De grot van Aven d'Orgnac heeft het ecolabel \"Grand Site de France\" en biedt een brede waaier van activiteiten, rijk aan emoties en sensaties, zowel voor senioren als voor kinderen, voor ingewijden en niet-ingewijden, voor sportievelingen en voor wandelaars.&nbsp;Cultureel en natuurlijk erfgoed, de Grand Site van Aven d'Orgnac en de Cit&eacute; de la Pr&eacute;histoire nodigen u uit om alles te ontdekken... Voor een dag of een halve dag, met het gezin of met vrienden, beleeft u een onvergetelijk moment op 121 meter onder de grond.<\/p>\n<p>Voor meer informatie:&nbsp;<a href=\"https:\/\/www.orgnac.com\/\">https:\/\/www.orgnac.com\/<\/a><\/p><\/div>\n            \n            \n            \n            \n        <\/div>\n\n    <\/li>\n        <li >\n\n    \n\n<div href class=\"uk-accordion-title\">De Aven Marzal<\/div>\n\n\n\n            \n\n        <div class=\"uk-accordion-content\">\n\n            \n            \n            \n                        <div class=\"uk-margin\"><p>Een andere uitzonderlijke grot om te ontdekken is de \"Aven Marzal\", een grot die in 1892 werd verkend door E. A. Martel, de eerste Franse speleoloog, wereldwijd bekend.&nbsp;Op 125 meter diepte, voor een reis door de gangen van de tijd en een bezoek aan het hart van de aarde.<\/p>\n<p>In Saint-Rem&egrave;ze, in de Gorges de l'Ard&egrave;che, worden u drie activiteiten geboden op de site:<\/p>\n<p>- Het Museum van de Ondergrondse Wereld, waar de evolutie te zien is van het materiaal dat door speleologen gebruikt werd<\/p>\n<p>- Aven Marzal, een ondergronds avontuur, een rondleiding van 45 minuten op 125 meter onder de grond, met audiogidsen in het Engels, Duits en Nederlands.<\/p>\n<p>- Een prehistorische dierentuin: het dino-bos, op een circuit van 800 m, ontdekt u modellen op ware grootte van dinosaurussen, dieren en prehistorische mensen.&nbsp;U kunt ze horen brullen en van dichtbij bekijken, en diegenen die voor paleontoloog willen spelen, kunnen de archeologische opgravingen verkennen en zich meten met de dino's om te zien wie het snelste is.<\/p>\n<p>Voor meer informatie:&nbsp;<a href=\"https:\/\/www.aven-marzal.com\/\">https:\/\/www.aven-marzal.com\/<\/a><\/p><\/div>\n            \n            \n            \n            \n        <\/div>\n\n    <\/li>\n        <li >\n\n    \n\n<div href class=\"uk-accordion-title\">De grot van Saint Marcel<\/div>\n\n\n\n            \n\n        <div class=\"uk-accordion-content\">\n\n            \n            \n            \n                        <div class=\"uk-margin\"><p>In het hart van de Gorges de l'Ard&egrave;che, ligt <strong>de Saint-Marcel grot<\/strong>, dat een schitterend schouwspel biedt van galerijen en kalkafzettingen, en u vindt er de waterval van Gours: uniek in Europa.&nbsp;De grot van Saint-Marcel is een van de grootste grotten van Frankrijk, geklasseerd als nationaal erfgoed vanwege de geologische en archeologische dimensie, en bevat meer dan 60 km aan galerijen.&nbsp;Over een traject van 400 meter treedt u in de voetsporen van de fossiele rivier en ontdekt u grote zalen en galerijen, delicaat gevormd door het opkomende water van de Middellandse Zee.&nbsp;De klank- en lichtshow zet de grandioze waterval van Gours in sc&egrave;ne, die een opeenvolging van een honderdtal bassins met calciet zal onthullen, een decor dat u nergens anders zult vinden!&nbsp;Het netwerk van de Saint-Marcel grot is internationaal bekend, het is het 4e grootste netwerk in Frankrijk, en het wordt nog steeds verkend, alleen al dit jaar hebben speleologen er 5 ontdekkingen gedaan: een nieuwe zaal van 30 m hoog. Voor de goede waarnemer, staat verkenning synoniem met verrassing: een schedel van een holenbeer, een tand van een dier of misschien wel een mens en voetafdrukken.<\/p>\n<p>Voor meer informatie:&nbsp;<a href=\"https:\/\/www.grotte-ardeche.com\/\">https:\/\/www.grotte-ardeche.com\/<\/a><\/p><\/div>\n            \n            \n            \n            \n        <\/div>\n\n    <\/li>\n        <li >\n\n    \n\n<div href class=\"uk-accordion-title\">De Cocali\u00e8re grot<\/div>\n\n\n\n            \n\n        <div class=\"uk-accordion-content\">\n\n            \n            \n            \n                        <div class=\"uk-margin\"><p>De Cocali&egrave;re grot ligt in de gemeente Courry, tussen de departementen Gard en Ard&egrave;che. Dit is een van de mooiste grotten van Frankrijk en een prachtige plek om op ontdekking uit te gaan met uw gezin tijdens uw vakantie! Dwaal door een ongelooflijke ondergrondse omgeving, van niet minder dan 30 km en bekijk de kalkafzettingen tijdens een ondergrondse tocht. &nbsp;<\/p>\n<p>Voor meer informatie:&nbsp;<a href=\"https:\/\/www.grotte-cocaliere.com\/\">https:\/\/www.grotte-cocaliere.com\/<\/a><\/p><\/div>\n            \n            \n            \n            \n        <\/div>\n\n    <\/li>\n    \n<\/ul>\n<\/div>\n","protected":false},"excerpt":{"rendered":"<p>De mooiste grotten om te ontdekken tijdens uw verblijf op onze droomcamping in de Ard\u00e8che. Als u van wateractiviteiten houdt, zult u zeker gaan genieten van het kano\u00ebn in de Ard\u00e8che. De Chauvet 2 grot De Grotte Chauvet 2, originele reconstructie van de echte Grotte Chauvet, is gelegen in Vallon Pont d&#8217;Arc. Ontdek de wereld [&hellip;]<\/p>\n","protected":false},"author":1,"featured_media":0,"parent":2098,"menu_order":0,"comment_status":"closed","ping_status":"closed","template":"","meta":{"_acf_changed":false,"footnotes":""},"class_list":["post-2119","page","type-page","status-publish","hentry"],"acf":[],"yoast_head":"<!-- This site is optimized with the Yoast SEO plugin v27.3 - https:\/\/yoast.com\/product\/yoast-seo-wordpress\/ -->\n<title>De grotten van de Ard\u00e8che - Camping Le Pommier<\/title>\n<meta name=\"robots\" content=\"index, follow, max-snippet:-1, max-image-preview:large, max-video-preview:-1\" \/>\n<link rel=\"canonical\" href=\"https:\/\/campinglepommier.com\/nl\/wat-te-doen-ontdek-de-rijkdommen-van-de-ardeche\/de-grotten-van-de-ardeche\/\" \/>\n<meta property=\"og:locale\" content=\"nl_NL\" \/>\n<meta property=\"og:type\" content=\"article\" \/>\n<meta property=\"og:title\" content=\"De grotten van de Ard\u00e8che - Camping Le Pommier\" \/>\n<meta property=\"og:description\" content=\"De mooiste grotten om te ontdekken tijdens uw verblijf op onze droomcamping in de Ard\u00e8che. Als u van wateractiviteiten houdt, zult u zeker gaan genieten van het kano\u00ebn in de Ard\u00e8che. De Chauvet 2 grot De Grotte Chauvet 2, originele reconstructie van de echte Grotte Chauvet, is gelegen in Vallon Pont d&#8217;Arc. Ontdek de wereld [&hellip;]\" \/>\n<meta property=\"og:url\" content=\"https:\/\/campinglepommier.com\/nl\/wat-te-doen-ontdek-de-rijkdommen-van-de-ardeche\/de-grotten-van-de-ardeche\/\" \/>\n<meta property=\"og:site_name\" content=\"Camping Le Pommier\" \/>\n<meta property=\"article:modified_time\" content=\"2022-04-26T15:20:04+00:00\" \/>\n<meta name=\"twitter:card\" content=\"summary_large_image\" \/>\n<meta name=\"twitter:label1\" content=\"Geschatte leestijd\" \/>\n\t<meta name=\"twitter:data1\" content=\"3 minuten\" \/>\n<script type=\"application\/ld+json\" class=\"yoast-schema-graph\">{\"@context\":\"https:\\\/\\\/schema.org\",\"@graph\":[{\"@type\":\"WebPage\",\"@id\":\"https:\\\/\\\/campinglepommier.com\\\/nl\\\/wat-te-doen-ontdek-de-rijkdommen-van-de-ardeche\\\/de-grotten-van-de-ardeche\\\/\",\"url\":\"https:\\\/\\\/campinglepommier.com\\\/nl\\\/wat-te-doen-ontdek-de-rijkdommen-van-de-ardeche\\\/de-grotten-van-de-ardeche\\\/\",\"name\":\"De grotten van de Ard\u00e8che - Camping Le Pommier\",\"isPartOf\":{\"@id\":\"https:\\\/\\\/campinglepommier.com\\\/nl\\\/#website\"},\"datePublished\":\"2022-04-22T15:24:47+00:00\",\"dateModified\":\"2022-04-26T15:20:04+00:00\",\"breadcrumb\":{\"@id\":\"https:\\\/\\\/campinglepommier.com\\\/nl\\\/wat-te-doen-ontdek-de-rijkdommen-van-de-ardeche\\\/de-grotten-van-de-ardeche\\\/#breadcrumb\"},\"inLanguage\":\"nl-NL\",\"potentialAction\":[{\"@type\":\"ReadAction\",\"target\":[\"https:\\\/\\\/campinglepommier.com\\\/nl\\\/wat-te-doen-ontdek-de-rijkdommen-van-de-ardeche\\\/de-grotten-van-de-ardeche\\\/\"]}]},{\"@type\":\"BreadcrumbList\",\"@id\":\"https:\\\/\\\/campinglepommier.com\\\/nl\\\/wat-te-doen-ontdek-de-rijkdommen-van-de-ardeche\\\/de-grotten-van-de-ardeche\\\/#breadcrumb\",\"itemListElement\":[{\"@type\":\"ListItem\",\"position\":1,\"name\":\"Camping Ard\u00e8che\",\"item\":\"https:\\\/\\\/campinglepommier.com\\\/nl\\\/\"},{\"@type\":\"ListItem\",\"position\":2,\"name\":\"Ontdek de rijkdommen van de Ard\u00e8che\",\"item\":\"https:\\\/\\\/campinglepommier.com\\\/nl\\\/wat-te-doen-ontdek-de-rijkdommen-van-de-ardeche\\\/\"},{\"@type\":\"ListItem\",\"position\":3,\"name\":\"De grotten van de Ard\u00e8che\"}]},{\"@type\":\"WebSite\",\"@id\":\"https:\\\/\\\/campinglepommier.com\\\/nl\\\/#website\",\"url\":\"https:\\\/\\\/campinglepommier.com\\\/nl\\\/\",\"name\":\"Camping Le Pommier\",\"description\":\"\",\"potentialAction\":[{\"@type\":\"SearchAction\",\"target\":{\"@type\":\"EntryPoint\",\"urlTemplate\":\"https:\\\/\\\/campinglepommier.com\\\/nl\\\/?s={search_term_string}\"},\"query-input\":{\"@type\":\"PropertyValueSpecification\",\"valueRequired\":true,\"valueName\":\"search_term_string\"}}],\"inLanguage\":\"nl-NL\"}]}<\/script>\n<!-- \/ Yoast SEO plugin. -->","yoast_head_json":{"title":"De grotten van de Ard\u00e8che - Camping Le Pommier","robots":{"index":"index","follow":"follow","max-snippet":"max-snippet:-1","max-image-preview":"max-image-preview:large","max-video-preview":"max-video-preview:-1"},"canonical":"https:\/\/campinglepommier.com\/nl\/wat-te-doen-ontdek-de-rijkdommen-van-de-ardeche\/de-grotten-van-de-ardeche\/","og_locale":"nl_NL","og_type":"article","og_title":"De grotten van de Ard\u00e8che - Camping Le Pommier","og_description":"De mooiste grotten om te ontdekken tijdens uw verblijf op onze droomcamping in de Ard\u00e8che. Als u van wateractiviteiten houdt, zult u zeker gaan genieten van het kano\u00ebn in de Ard\u00e8che. De Chauvet 2 grot De Grotte Chauvet 2, originele reconstructie van de echte Grotte Chauvet, is gelegen in Vallon Pont d&#8217;Arc. Ontdek de wereld [&hellip;]","og_url":"https:\/\/campinglepommier.com\/nl\/wat-te-doen-ontdek-de-rijkdommen-van-de-ardeche\/de-grotten-van-de-ardeche\/","og_site_name":"Camping Le Pommier","article_modified_time":"2022-04-26T15:20:04+00:00","twitter_card":"summary_large_image","twitter_misc":{"Geschatte leestijd":"3 minuten"},"schema":{"@context":"https:\/\/schema.org","@graph":[{"@type":"WebPage","@id":"https:\/\/campinglepommier.com\/nl\/wat-te-doen-ontdek-de-rijkdommen-van-de-ardeche\/de-grotten-van-de-ardeche\/","url":"https:\/\/campinglepommier.com\/nl\/wat-te-doen-ontdek-de-rijkdommen-van-de-ardeche\/de-grotten-van-de-ardeche\/","name":"De grotten van de Ard\u00e8che - Camping Le Pommier","isPartOf":{"@id":"https:\/\/campinglepommier.com\/nl\/#website"},"datePublished":"2022-04-22T15:24:47+00:00","dateModified":"2022-04-26T15:20:04+00:00","breadcrumb":{"@id":"https:\/\/campinglepommier.com\/nl\/wat-te-doen-ontdek-de-rijkdommen-van-de-ardeche\/de-grotten-van-de-ardeche\/#breadcrumb"},"inLanguage":"nl-NL","potentialAction":[{"@type":"ReadAction","target":["https:\/\/campinglepommier.com\/nl\/wat-te-doen-ontdek-de-rijkdommen-van-de-ardeche\/de-grotten-van-de-ardeche\/"]}]},{"@type":"BreadcrumbList","@id":"https:\/\/campinglepommier.com\/nl\/wat-te-doen-ontdek-de-rijkdommen-van-de-ardeche\/de-grotten-van-de-ardeche\/#breadcrumb","itemListElement":[{"@type":"ListItem","position":1,"name":"Camping Ard\u00e8che","item":"https:\/\/campinglepommier.com\/nl\/"},{"@type":"ListItem","position":2,"name":"Ontdek de rijkdommen van de Ard\u00e8che","item":"https:\/\/campinglepommier.com\/nl\/wat-te-doen-ontdek-de-rijkdommen-van-de-ardeche\/"},{"@type":"ListItem","position":3,"name":"De grotten van de Ard\u00e8che"}]},{"@type":"WebSite","@id":"https:\/\/campinglepommier.com\/nl\/#website","url":"https:\/\/campinglepommier.com\/nl\/","name":"Camping Le Pommier","description":"","potentialAction":[{"@type":"SearchAction","target":{"@type":"EntryPoint","urlTemplate":"https:\/\/campinglepommier.com\/nl\/?s={search_term_string}"},"query-input":{"@type":"PropertyValueSpecification","valueRequired":true,"valueName":"search_term_string"}}],"inLanguage":"nl-NL"}]}},"_links":{"self":[{"href":"https:\/\/campinglepommier.com\/nl\/wp-json\/wp\/v2\/pages\/2119","targetHints":{"allow":["GET"]}}],"collection":[{"href":"https:\/\/campinglepommier.com\/nl\/wp-json\/wp\/v2\/pages"}],"about":[{"href":"https:\/\/campinglepommier.com\/nl\/wp-json\/wp\/v2\/types\/page"}],"author":[{"embeddable":true,"href":"https:\/\/campinglepommier.com\/nl\/wp-json\/wp\/v2\/users\/1"}],"replies":[{"embeddable":true,"href":"https:\/\/campinglepommier.com\/nl\/wp-json\/wp\/v2\/comments?post=2119"}],"version-history":[{"count":3,"href":"https:\/\/campinglepommier.com\/nl\/wp-json\/wp\/v2\/pages\/2119\/revisions"}],"predecessor-version":[{"id":2295,"href":"https:\/\/campinglepommier.com\/nl\/wp-json\/wp\/v2\/pages\/2119\/revisions\/2295"}],"up":[{"embeddable":true,"href":"https:\/\/campinglepommier.com\/nl\/wp-json\/wp\/v2\/pages\/2098"}],"wp:attachment":[{"href":"https:\/\/campinglepommier.com\/nl\/wp-json\/wp\/v2\/media?parent=2119"}],"curies":[{"name":"wp","href":"https:\/\/api.w.org\/{rel}","templated":true}]}}