{"id":2003,"date":"2022-04-22T15:50:16","date_gmt":"2022-04-22T13:50:16","guid":{"rendered":"https:\/\/campinglepommier.com\/ga-de-ardeche-af-met-de-partners-van-camping-le-pommier\/"},"modified":"2025-06-26T16:18:47","modified_gmt":"2025-06-26T14:18:47","slug":"ga-de-ardeche-af-met-de-partners-van-camping-le-pommier","status":"publish","type":"page","link":"https:\/\/campinglepommier.com\/nl\/wat-te-doen-ontdek-de-rijkdommen-van-de-ardeche\/ga-de-ardeche-af-met-de-partners-van-camping-le-pommier\/","title":{"rendered":"Ga de Ard\u00e8che af met de partners van camping le Pommier"},"content":{"rendered":"\n<div class=\"wp-block-yootheme-widgetkit\">\n<div class=\" \" uk-slider=\"sets: true; autoplay-interval: 3500; pause-on-hover: false\">\n\n    \n    <div class=\"uk-position-relative uk-visible-toggle uk-margin\">\n\n        <ul class=\"uk-slider-items uk-grid uk-grid-match uk-child-width-1-1 uk-child-width-1-2@s uk-child-width-1-4@m uk-grid-small\">\n        \n            <li >\n\n                <div class=\"uk-panel uk-text-center\">\n\n                    \n                    \n                                        <div class=\"uk-text-center uk-margin uk-margin-remove-top\"><div class=\"uk-inline-clip \"><img decoding=\"async\" src=\"\/wp-content\/plugins\/widgetkit\/cache\/Canoes_dans_les_Gorges-fcbb9011cd795c59fb436c69919df908.jpg\" class=\" uk-transition-scale-up uk-transition-opaque\" alt=\"Ciela Village\" width=\"500\" height=\"400\"><\/div><\/div>\n                    \n                    \n                        \n                        \n                        \n                        \n                        \n                        \n                        \n                    \n                <\/div>\n\n            <\/li>\n\n        \n            <li >\n\n                <div class=\"uk-panel uk-text-center\">\n\n                    \n                    \n                                        <div class=\"uk-text-center uk-margin uk-margin-remove-top\"><div class=\"uk-inline-clip \"><img decoding=\"async\" src=\"\/wp-content\/plugins\/widgetkit\/cache\/Canyoning-7c815f355d3e7bcb0d4b04f4ed923724.jpg\" class=\" uk-transition-scale-up uk-transition-opaque\" alt=\"Ciela Village\" width=\"500\" height=\"400\"><\/div><\/div>\n                    \n                    \n                        \n                        \n                        \n                        \n                        \n                        \n                        \n                    \n                <\/div>\n\n            <\/li>\n\n        \n            <li >\n\n                <div class=\"uk-panel uk-text-center\">\n\n                    \n                    \n                                        <div class=\"uk-text-center uk-margin uk-margin-remove-top\"><div class=\"uk-inline-clip \"><img decoding=\"async\" src=\"\/wp-content\/plugins\/widgetkit\/cache\/Gorges_de_lArdeche-2a848dbea063573adf6dfd29a860bf7a.jpg\" class=\" uk-transition-scale-up uk-transition-opaque\" alt=\"Ciela Village\" width=\"500\" height=\"400\"><\/div><\/div>\n                    \n                    \n                        \n                        \n                        \n                        \n                        \n                        \n                        \n                    \n                <\/div>\n\n            <\/li>\n\n        \n            <li >\n\n                <div class=\"uk-panel uk-text-center\">\n\n                    \n                    \n                                        <div class=\"uk-text-center uk-margin uk-margin-remove-top\"><div class=\"uk-inline-clip \"><img decoding=\"async\" src=\"\/wp-content\/plugins\/widgetkit\/cache\/Les-Rapides-356b3ddc589ca56ad836e05942c7214a.jpg\" class=\" uk-transition-scale-up uk-transition-opaque\" alt=\"Ciela Village\" width=\"500\" height=\"400\"><\/div><\/div>\n                    \n                    \n                        \n                        \n                        \n                        \n                        \n                        \n                        \n                    \n                <\/div>\n\n            <\/li>\n\n                <\/ul>\n\n        \n    <\/div>\n\n    \n        <ul class=\"uk-slider-nav uk-dotnav uk-flex-center uk-margin-remove-bottom\"><\/ul>\n    \n    \n<\/div>\n<\/div>\n\n\n\n<p>De Ard\u00e8che-rivier heeft veel verrassingen voor u in petto!\u00a0Voor beginners of kenners, liefhebbers van spanning en sensatie of van een rustige tocht over het water, de <a href=\"https:\/\/campinglepommier.com\/nl\/wat-te-doen-ontdek-de-rijkdommen-van-de-ardeche\/\">Ard\u00e8che<\/a> heeft veel te bieden, vermaak op plekken die zo op een ansichtkaart kunnen.\u00a0Het water van de smaragdgroene Ard\u00e8che-rivier, kan ook met kano\u00ebn ontdekt worden. \u00a0Doe nieuwe energie op en geniet van de buitenlucht, terwijl u over het mooie water vaart, gun uzelf dat moment van plezier in de natuur van de Ard\u00e8che!\u00a0\u00a0Glijd op de natuurlijke glijbanen, en laat u meevoeren door de kleine stroomversnellingen om uw tocht te eindigen onder de mythische Pont d&#8217;Arc, deze verfrissende manieren om de schoonheid van de Gorges d&#8217;Ard\u00e8che te ontdekken, zult u niet gauw vergeten.\u00a0Van 8 tot 32 km, tussen 1u30 en 6u00 navigeren, kunt u genieten van het varen, van de zwem-en lunchpauzes en van de prachtige, unieke landschappen van de Ard\u00e8che.<\/p>\n\n\n\n<h2 class=\"wp-block-heading\">Kano-Kajak <\/h2>\n\n\n\n<p>Ontdek de Gorges de l&#8217;Ard\u00e8che en vaar de Ard\u00e8che af in kano-kajak, in veilige omstandigheden, voor optimaal plezier. Een parcours dat vanaf 7 jaar toegankelijk is, met tochten van 8 of 13 km om een halve dag te genieten van zwemmen en farniente op de stranden of een parcours voor een hele dag, van 24 of 32 km door het natuurreservaat van de Gorges de l&#8217;Ard\u00e8che.  Eenmaal voorbij de meest bekende stroomversnelling, de &#8220;Charlemagne&#8221;,  bent u bij het einde aangekomen waar u de mythische Pont d\u2019Arc kunt bewonderen, midden in het natuurreservaat van de Gorges de l\u2019Ard\u00e8che, in de gemeente van Vallon Pont d\u2019Arc.<\/p>\n\n\n\n<p><a href=\"https:\/\/www.aigue-vive.com\/\">https:\/\/www.aigue-vive.com\/<\/a><\/p>\n\n\n\n<h2 class=\"wp-block-heading\">Canyoning <\/h2>\n\n\n\n<p>Zin in avontuur? Maak contact met de natuur om weer tot uzelf te komen en te profiteren van de buitenlucht.<\/p>\n\n\n\n<p>Als u van canyoning houdt, van Via Ferrata, van speleologie, van klimmen&#8230; of gewoon van sport, natuur en avontuur&#8230; dan gaat u een onvergetelijk moment beleven in de canyons van de Ard\u00e8che!! <\/p>\n\n\n\n<p>Gepassioneerde gidsen staan voor u klaar!<\/p>\n\n\n\n<p><a href=\"https:\/\/ardeche-canyon.com\/\">www.ardeche-canyon.com<\/a><\/p>\n","protected":false},"excerpt":{"rendered":"<p>De Ard\u00e8che-rivier heeft veel verrassingen voor u in petto!\u00a0Voor beginners of kenners, liefhebbers van spanning en sensatie of van een rustige tocht over het water, de Ard\u00e8che heeft veel te bieden, vermaak op plekken die zo op een ansichtkaart kunnen.\u00a0Het water van de smaragdgroene Ard\u00e8che-rivier, kan ook met kano\u00ebn ontdekt worden. \u00a0Doe nieuwe energie op [&hellip;]<\/p>\n","protected":false},"author":1,"featured_media":0,"parent":2098,"menu_order":0,"comment_status":"closed","ping_status":"closed","template":"","meta":{"_acf_changed":false,"footnotes":""},"class_list":["post-2003","page","type-page","status-publish","hentry"],"acf":[],"yoast_head":"<!-- This site is optimized with the Yoast SEO plugin v27.3 - https:\/\/yoast.com\/product\/yoast-seo-wordpress\/ -->\n<title>Kano\u00ebn of Canyoning in de Ard\u00e8che<\/title>\n<meta name=\"description\" content=\"Met kano\u00ebn of canyoning ontdekt u de mooiste rivieren van de Ard\u00e8che tijdens uw vakantie in de Ard\u00e8che\" \/>\n<meta name=\"robots\" content=\"index, follow, max-snippet:-1, max-image-preview:large, max-video-preview:-1\" \/>\n<link rel=\"canonical\" href=\"https:\/\/campinglepommier.com\/nl\/wat-te-doen-ontdek-de-rijkdommen-van-de-ardeche\/ga-de-ardeche-af-met-de-partners-van-camping-le-pommier\/\" \/>\n<meta property=\"og:locale\" content=\"nl_NL\" \/>\n<meta property=\"og:type\" content=\"article\" \/>\n<meta property=\"og:title\" content=\"Kano\u00ebn of Canyoning in de Ard\u00e8che\" \/>\n<meta property=\"og:description\" content=\"Met kano\u00ebn of canyoning ontdekt u de mooiste rivieren van de Ard\u00e8che tijdens uw vakantie in de Ard\u00e8che\" \/>\n<meta property=\"og:url\" content=\"https:\/\/campinglepommier.com\/nl\/wat-te-doen-ontdek-de-rijkdommen-van-de-ardeche\/ga-de-ardeche-af-met-de-partners-van-camping-le-pommier\/\" \/>\n<meta property=\"og:site_name\" content=\"Camping Le Pommier\" \/>\n<meta property=\"article:modified_time\" content=\"2025-06-26T14:18:47+00:00\" \/>\n<meta name=\"twitter:card\" content=\"summary_large_image\" \/>\n<meta name=\"twitter:label1\" content=\"Geschatte leestijd\" \/>\n\t<meta name=\"twitter:data1\" content=\"2 minuten\" \/>\n<script type=\"application\/ld+json\" class=\"yoast-schema-graph\">{\"@context\":\"https:\\\/\\\/schema.org\",\"@graph\":[{\"@type\":\"WebPage\",\"@id\":\"https:\\\/\\\/campinglepommier.com\\\/nl\\\/wat-te-doen-ontdek-de-rijkdommen-van-de-ardeche\\\/ga-de-ardeche-af-met-de-partners-van-camping-le-pommier\\\/\",\"url\":\"https:\\\/\\\/campinglepommier.com\\\/nl\\\/wat-te-doen-ontdek-de-rijkdommen-van-de-ardeche\\\/ga-de-ardeche-af-met-de-partners-van-camping-le-pommier\\\/\",\"name\":\"Kano\u00ebn of Canyoning in de Ard\u00e8che\",\"isPartOf\":{\"@id\":\"https:\\\/\\\/campinglepommier.com\\\/nl\\\/#website\"},\"datePublished\":\"2022-04-22T13:50:16+00:00\",\"dateModified\":\"2025-06-26T14:18:47+00:00\",\"description\":\"Met kano\u00ebn of canyoning ontdekt u de mooiste rivieren van de Ard\u00e8che tijdens uw vakantie in de Ard\u00e8che\",\"breadcrumb\":{\"@id\":\"https:\\\/\\\/campinglepommier.com\\\/nl\\\/wat-te-doen-ontdek-de-rijkdommen-van-de-ardeche\\\/ga-de-ardeche-af-met-de-partners-van-camping-le-pommier\\\/#breadcrumb\"},\"inLanguage\":\"nl-NL\",\"potentialAction\":[{\"@type\":\"ReadAction\",\"target\":[\"https:\\\/\\\/campinglepommier.com\\\/nl\\\/wat-te-doen-ontdek-de-rijkdommen-van-de-ardeche\\\/ga-de-ardeche-af-met-de-partners-van-camping-le-pommier\\\/\"]}]},{\"@type\":\"BreadcrumbList\",\"@id\":\"https:\\\/\\\/campinglepommier.com\\\/nl\\\/wat-te-doen-ontdek-de-rijkdommen-van-de-ardeche\\\/ga-de-ardeche-af-met-de-partners-van-camping-le-pommier\\\/#breadcrumb\",\"itemListElement\":[{\"@type\":\"ListItem\",\"position\":1,\"name\":\"Camping Ard\u00e8che\",\"item\":\"https:\\\/\\\/campinglepommier.com\\\/nl\\\/\"},{\"@type\":\"ListItem\",\"position\":2,\"name\":\"Ontdek de rijkdommen van de Ard\u00e8che\",\"item\":\"https:\\\/\\\/campinglepommier.com\\\/nl\\\/wat-te-doen-ontdek-de-rijkdommen-van-de-ardeche\\\/\"},{\"@type\":\"ListItem\",\"position\":3,\"name\":\"Watersportactiviteiten in de Ard\u00e8che\"}]},{\"@type\":\"WebSite\",\"@id\":\"https:\\\/\\\/campinglepommier.com\\\/nl\\\/#website\",\"url\":\"https:\\\/\\\/campinglepommier.com\\\/nl\\\/\",\"name\":\"Camping Le Pommier\",\"description\":\"\",\"potentialAction\":[{\"@type\":\"SearchAction\",\"target\":{\"@type\":\"EntryPoint\",\"urlTemplate\":\"https:\\\/\\\/campinglepommier.com\\\/nl\\\/?s={search_term_string}\"},\"query-input\":{\"@type\":\"PropertyValueSpecification\",\"valueRequired\":true,\"valueName\":\"search_term_string\"}}],\"inLanguage\":\"nl-NL\"}]}<\/script>\n<!-- \/ Yoast SEO plugin. -->","yoast_head_json":{"title":"Kano\u00ebn of Canyoning in de Ard\u00e8che","description":"Met kano\u00ebn of canyoning ontdekt u de mooiste rivieren van de Ard\u00e8che tijdens uw vakantie in de Ard\u00e8che","robots":{"index":"index","follow":"follow","max-snippet":"max-snippet:-1","max-image-preview":"max-image-preview:large","max-video-preview":"max-video-preview:-1"},"canonical":"https:\/\/campinglepommier.com\/nl\/wat-te-doen-ontdek-de-rijkdommen-van-de-ardeche\/ga-de-ardeche-af-met-de-partners-van-camping-le-pommier\/","og_locale":"nl_NL","og_type":"article","og_title":"Kano\u00ebn of Canyoning in de Ard\u00e8che","og_description":"Met kano\u00ebn of canyoning ontdekt u de mooiste rivieren van de Ard\u00e8che tijdens uw vakantie in de Ard\u00e8che","og_url":"https:\/\/campinglepommier.com\/nl\/wat-te-doen-ontdek-de-rijkdommen-van-de-ardeche\/ga-de-ardeche-af-met-de-partners-van-camping-le-pommier\/","og_site_name":"Camping Le Pommier","article_modified_time":"2025-06-26T14:18:47+00:00","twitter_card":"summary_large_image","twitter_misc":{"Geschatte leestijd":"2 minuten"},"schema":{"@context":"https:\/\/schema.org","@graph":[{"@type":"WebPage","@id":"https:\/\/campinglepommier.com\/nl\/wat-te-doen-ontdek-de-rijkdommen-van-de-ardeche\/ga-de-ardeche-af-met-de-partners-van-camping-le-pommier\/","url":"https:\/\/campinglepommier.com\/nl\/wat-te-doen-ontdek-de-rijkdommen-van-de-ardeche\/ga-de-ardeche-af-met-de-partners-van-camping-le-pommier\/","name":"Kano\u00ebn of Canyoning in de Ard\u00e8che","isPartOf":{"@id":"https:\/\/campinglepommier.com\/nl\/#website"},"datePublished":"2022-04-22T13:50:16+00:00","dateModified":"2025-06-26T14:18:47+00:00","description":"Met kano\u00ebn of canyoning ontdekt u de mooiste rivieren van de Ard\u00e8che tijdens uw vakantie in de Ard\u00e8che","breadcrumb":{"@id":"https:\/\/campinglepommier.com\/nl\/wat-te-doen-ontdek-de-rijkdommen-van-de-ardeche\/ga-de-ardeche-af-met-de-partners-van-camping-le-pommier\/#breadcrumb"},"inLanguage":"nl-NL","potentialAction":[{"@type":"ReadAction","target":["https:\/\/campinglepommier.com\/nl\/wat-te-doen-ontdek-de-rijkdommen-van-de-ardeche\/ga-de-ardeche-af-met-de-partners-van-camping-le-pommier\/"]}]},{"@type":"BreadcrumbList","@id":"https:\/\/campinglepommier.com\/nl\/wat-te-doen-ontdek-de-rijkdommen-van-de-ardeche\/ga-de-ardeche-af-met-de-partners-van-camping-le-pommier\/#breadcrumb","itemListElement":[{"@type":"ListItem","position":1,"name":"Camping Ard\u00e8che","item":"https:\/\/campinglepommier.com\/nl\/"},{"@type":"ListItem","position":2,"name":"Ontdek de rijkdommen van de Ard\u00e8che","item":"https:\/\/campinglepommier.com\/nl\/wat-te-doen-ontdek-de-rijkdommen-van-de-ardeche\/"},{"@type":"ListItem","position":3,"name":"Watersportactiviteiten in de Ard\u00e8che"}]},{"@type":"WebSite","@id":"https:\/\/campinglepommier.com\/nl\/#website","url":"https:\/\/campinglepommier.com\/nl\/","name":"Camping Le Pommier","description":"","potentialAction":[{"@type":"SearchAction","target":{"@type":"EntryPoint","urlTemplate":"https:\/\/campinglepommier.com\/nl\/?s={search_term_string}"},"query-input":{"@type":"PropertyValueSpecification","valueRequired":true,"valueName":"search_term_string"}}],"inLanguage":"nl-NL"}]}},"_links":{"self":[{"href":"https:\/\/campinglepommier.com\/nl\/wp-json\/wp\/v2\/pages\/2003","targetHints":{"allow":["GET"]}}],"collection":[{"href":"https:\/\/campinglepommier.com\/nl\/wp-json\/wp\/v2\/pages"}],"about":[{"href":"https:\/\/campinglepommier.com\/nl\/wp-json\/wp\/v2\/types\/page"}],"author":[{"embeddable":true,"href":"https:\/\/campinglepommier.com\/nl\/wp-json\/wp\/v2\/users\/1"}],"replies":[{"embeddable":true,"href":"https:\/\/campinglepommier.com\/nl\/wp-json\/wp\/v2\/comments?post=2003"}],"version-history":[{"count":5,"href":"https:\/\/campinglepommier.com\/nl\/wp-json\/wp\/v2\/pages\/2003\/revisions"}],"predecessor-version":[{"id":220881,"href":"https:\/\/campinglepommier.com\/nl\/wp-json\/wp\/v2\/pages\/2003\/revisions\/220881"}],"up":[{"embeddable":true,"href":"https:\/\/campinglepommier.com\/nl\/wp-json\/wp\/v2\/pages\/2098"}],"wp:attachment":[{"href":"https:\/\/campinglepommier.com\/nl\/wp-json\/wp\/v2\/media?parent=2003"}],"curies":[{"name":"wp","href":"https:\/\/api.w.org\/{rel}","templated":true}]}}