{"id":2122,"date":"2022-04-22T17:27:18","date_gmt":"2022-04-22T15:27:18","guid":{"rendered":"https:\/\/campinglepommier.com\/?page_id=2122"},"modified":"2022-04-22T17:28:48","modified_gmt":"2022-04-22T15:28:48","slug":"die-hoehlen-der-ardeche","status":"publish","type":"page","link":"https:\/\/campinglepommier.com\/de\/was-kann-man-die-ardeche-ein-departement-voller-entdeckungen\/die-hoehlen-der-ardeche\/","title":{"rendered":"Die H\u00f6hlen der Ard\u00e8che"},"content":{"rendered":"\n<div class=\"wp-block-yootheme-widgetkit\">\n<div class=\" \" uk-slider=\"sets: true; autoplay-interval: 3500; pause-on-hover: false\">\n\n    \n    <div class=\"uk-position-relative uk-visible-toggle uk-margin\">\n\n        <ul class=\"uk-slider-items uk-grid uk-grid-match uk-child-width-1-1 uk-child-width-1-2@s uk-child-width-1-4@m uk-grid-small\">\n        \n            <li >\n\n                <div class=\"uk-panel uk-text-center\">\n\n                    \n                    \n                                        <div class=\"uk-text-center uk-margin uk-margin-remove-top\"><div class=\"uk-inline-clip \"><img decoding=\"async\" src=\"\/wp-content\/plugins\/widgetkit\/cache\/Aven_dOrgnac_-4959bf272591b3bd55dbbe929a21768a.jpg\" class=\" uk-transition-scale-up uk-transition-opaque\" alt=\"Ciela Village\" width=\"500\" height=\"400\"><\/div><\/div>\n                    \n                    \n                        \n                        \n                        \n                        \n                        \n                        \n                        \n                    \n                <\/div>\n\n            <\/li>\n\n        \n            <li >\n\n                <div class=\"uk-panel uk-text-center\">\n\n                    \n                    \n                                        <div class=\"uk-text-center uk-margin uk-margin-remove-top\"><div class=\"uk-inline-clip \"><img decoding=\"async\" src=\"\/wp-content\/plugins\/widgetkit\/cache\/Aven-Marzal-e0769f8f578b71720018e0887d1ce350.jpg\" class=\" uk-transition-scale-up uk-transition-opaque\" alt=\"Ciela Village\" width=\"500\" height=\"400\"><\/div><\/div>\n                    \n                    \n                        \n                        \n                        \n                        \n                        \n                        \n                        \n                    \n                <\/div>\n\n            <\/li>\n\n        \n            <li >\n\n                <div class=\"uk-panel uk-text-center\">\n\n                    \n                    \n                                        <div class=\"uk-text-center uk-margin uk-margin-remove-top\"><div class=\"uk-inline-clip \"><img decoding=\"async\" src=\"\/wp-content\/plugins\/widgetkit\/cache\/Grotte-de-la-madeleine--2d55f5f74bc916d3b5567c84b7abf0d7.jpg\" class=\" uk-transition-scale-up uk-transition-opaque\" alt=\"Ciela Village\" width=\"500\" height=\"400\"><\/div><\/div>\n                    \n                    \n                        \n                        \n                        \n                        \n                        \n                        \n                        \n                    \n                <\/div>\n\n            <\/li>\n\n        \n            <li >\n\n                <div class=\"uk-panel uk-text-center\">\n\n                    \n                    \n                                        <div class=\"uk-text-center uk-margin uk-margin-remove-top\"><div class=\"uk-inline-clip \"><img decoding=\"async\" src=\"\/wp-content\/plugins\/widgetkit\/cache\/La-Grotte-Chauvet-Pont_dArc_-c232427d019c75d634e4aa5057aa3f84.jpg\" class=\" uk-transition-scale-up uk-transition-opaque\" alt=\"Ciela Village\" width=\"500\" height=\"400\"><\/div><\/div>\n                    \n                    \n                        \n                        \n                        \n                        \n                        \n                        \n                        \n                    \n                <\/div>\n\n            <\/li>\n\n                <\/ul>\n\n        \n    <\/div>\n\n    \n        <ul class=\"uk-slider-nav uk-dotnav uk-flex-center uk-margin-remove-bottom\"><\/ul>\n    \n    \n<\/div>\n<\/div>\n\n\n\n<p>Finden Sie hier die sch\u00f6nsten H\u00f6hlen, die Sie w\u00e4hrend Ihres Aufenthalts auf <strong>unserem traumhaften Campingplatz in der Ard\u00e8che <\/strong>entdecken k\u00f6nnen. Wenn Sie ein Fan von Wassersport sind, k\u00f6nnen Sie sich auf <strong>Kanufahrten in der Ard\u00e8che <\/strong>freuen.<\/p>\n\n\n\n<h2 class=\"wp-block-heading\">Die Chauvet-H\u00f6hle 2<\/h2>\n\n\n\n<p><strong>&nbsp;Die Chauvet H\u00f6hle 2 ist eine<\/strong> Originalrekonstruktion der echten Chauvet-H\u00f6hle und befindet sich in Vallon Pont d&#8217;Arc<strong>.<\/strong> Sie erhalten einen Einblick in die Welt der Menschen vor 36.000 Jahren und entdecken au\u00dfergew\u00f6hnliche Malereien und Gravuren von f\u00fcnfzehn Tierarten, die beinahe zum Leben zu erwachen scheinen. Ein einzigartiger Ort auf der Welt, den Sie nicht verpassen sollten.<\/p>\n\n\n\n<h3 class=\"wp-block-heading\">EIN SPRUNG IN DIE VERGANGENHEIT W\u00c4HREND IHRES AUFENTHALTS AUF DEM CAMPINGPLATZ LE POMMIER<\/h3>\n\n\n\n<p>Einer der ber\u00fchmtesten, eindrucksvollsten Sch\u00e4tze der Menschheit bietet Ihnen einen Sprung von 36.000 Jahren in die Vergangenheit. Sie haben ein Rendezvous mit Ihren Vorfahren, den Aurignaciens, und mit ihren \u201eHaustieren\u201c, darunter die Mammuts, die hier in Lebensgr\u00f6\u00dfe nachgebildet wurden. In der Grotte Chauvet 2 k\u00f6nnen Sie sich den W\u00e4nden n\u00e4hern, um die originalgetreu wiedergegebenen Zeichnungen zu betrachten und zu entziffern. Die Besichtigung erfolgt mit einem Audio-Guide, sodass Sie vollst\u00e4ndig in die pr\u00e4historische Zeit eintauchen k\u00f6nnen. Die Grotte Chauvet 2 ist auch f\u00fcr Kinder ein spannendes Ausflugsziel, da die Realit\u00e4t das, was in den Geschichtsb\u00fcchern steht, bei weitem \u00fcbertrifft! Ein unglaubliches Erlebnis f\u00fcr die ganze Familie.<\/p>\n\n\n\n<h3 class=\"wp-block-heading\">EIN WENIG GESCHICHTE<\/h3>\n\n\n\n<p>Die zum UNESCO-Weltkulturerbe geh\u00f6rende <strong>Chauvet-H\u00f6hle<\/strong> in der <strong>Ard\u00e8che<\/strong> wurde 1994 von drei H\u00f6hlenforschern entdeckt. Die H\u00f6hle ist 36.000 Jahre alt und blieb f\u00fcr die \u00d6ffentlichkeit geschlossen, um die Malereien an den W\u00e4nden intakt zu halten. Im Gegensatz dazu ist die <strong>Grotte Chauvet 2<\/strong> eine Rekonstruktion der Originalh\u00f6hle \u2013 sie ist die gr\u00f6\u00dfte rekonstruierte St\u00e4tte der Welt!<\/p>\n\n\n\n<h3 class=\"wp-block-heading\">EIN AUSFLUG IN DIE VORGESCHICHTE<\/h3>\n\n\n\n<p>W\u00e4hrend der gesamten Saison organisiert die <strong>Grotte Chauvet 2<\/strong> Animationen und bietet Kurse f\u00fcr die ganze Familie an. So lernen Sie in einem Lager aus der Altsteinzeit im Schneidersitz, wie man Feuer ohne Feuerzeug und Streichh\u00f6lzer macht, oder wie Sie mit Hilfe einer Speerschleuder B\u00fcffel jagen. Sie k\u00f6nnen sogar nach der Art Ihrer Vorfahren zeichnen oder mit ihren Instrumenten musizieren. Schmuck, Ornamente, Kleidung und Werkzeuge erz\u00e4hlen die Geschichte derjenigen, f\u00fcr die sich auch Kinder begeistern werden : Die pr\u00e4historischen Menschen sind schlichtweg faszinierend.<\/p>\n\n\n\n<h3 class=\"wp-block-heading\">DENKEN SIE DARAN, VORAB ZU RESERVIEREN!<\/h3>\n\n\n\n<p>Um zur <strong>Grotte Chauvet 2<\/strong> zu gelangen, sollten Sie eine Reservierung vornehmen und 30 Minuten vor der auf Ihrem Ticket angegebenen Besuchszeit ankommen. Der Besuch der rekonstruierten H\u00f6hle dauert eine Stunde. Davor oder im Anschluss sollten Sie auch eine Stunde f\u00fcr den Besuch der Galerie de l&#8217;Aurignacien einplanen, in der Sie die Lebensweise der pr\u00e4historischen Menschen und ihre Umwelt erkunden sowie an Animationen teilnehmen k\u00f6nnen. Ein Restaurant ist ebenfalls vor Ort vorhanden. Die Anfahrt dauert 35 Minuten mit dem Auto aus Richtung Vallon Pont d&#8217;Arc. Bringen Sie Kleidung f\u00fcr eine Temperatur von 16 Grad in der H\u00f6hle mit.<\/p>\n\n\n\n<p>Weitere Informationen:&nbsp; <a href=\"https:\/\/www.grottechauvet2ardeche.com\/\">https:\/\/www.grottechauvet2ardeche.com\/<\/a><\/p>\n\n\n\n<h2 class=\"wp-block-heading\">Andere H\u00f6hlen, die Sie bei Ihrem Aufenthalt in der Ard\u00e8che nicht verpassen sollten<\/h2>\n\n\n\n<p>In der Ard\u00e8che gilt es nicht nur die ber\u00fchmte H\u00f6hle Chauvet 2 zu besichtigen. Unter den etwa 500 H\u00f6hlen, die es in der Ard\u00e8che gibt, finden Sie weitere f\u00fcr die \u00d6ffentlichkeit zug\u00e4ngliche H\u00f6hlen, die Sie w\u00e4hrend Ihres Aufenthalts auf unserem Campingplatz entdecken k\u00f6nnen.&nbsp;&nbsp;<\/p>\n\n\n\n<div class=\"wp-block-yootheme-widgetkit\">\n<ul class=\"uk-accordion uk-text-left \" uk-accordion=\"\">\n\n        <li >\n\n    \n\n<div href class=\"uk-accordion-title\">Die Madeleine-H\u00f6hle<\/div>\n\n\n\n            \n\n        <div class=\"uk-accordion-content\">\n\n            \n            \n            \n                        <div class=\"uk-margin\"><p>Die Grotte de la Madeleine in der Gemeinde Saint-Rem&egrave;ze am linken Ufer der Gorges de l'Ard&egrave;che &ouml;ffnet sich mitten in der Felswand. Sie k&ouml;nnen hier S&auml;le mit farbigen Konkretionen auf verschiedenen Stufen besichtigen.&nbsp;Heute bietet sie ihre pr&auml;chtigen Kulissen in 25 R&auml;umen, die auf einem etwa 500 m langen Rundweg verteilt sind.&nbsp;Ein sehenswerter Ort inmitten der Touristenroute durch die Gorges de l'Ard&egrave;che, zwischen Vallon Pont d'Arc und Saint Martin d'Ard&egrave;che, umgeben vom Naturreservat mit seinen verschiedenen Arten von Greifv&ouml;geln &ndash; nat&uuml;rlich mit atemberaubenden Aussichtspunkten.&nbsp;Eine au&szlig;ergew&ouml;hnliche Umgebung mit verschiedenen Aktivit&auml;ten, die Sie ausprobieren k&ouml;nnen. Genie&szlig;en Sie die atemberaubende &bdquo;Son &amp; Lumi&egrave;re&ldquo;-Show und tauchen Sie ein in die erstaunliche Geschichte dieser sch&ouml;nen H&ouml;hle.&nbsp;Au&szlig;erdem finden Sie einen Aussichtspunkt, der aufgrund der Sch&ouml;nheit der Landschaft und des Canyons einfach spektakul&auml;r ist, eine Ausstellung im Maison de la R&eacute;serve, um sich besser in die Umgebung einzuf&uuml;hlen, sowie einen Entdeckungspfad, um die Vielfalt der Fauna und Flora zu entdecken.<\/p>\n<p>Weitere Informationen: <a href=\"https:\/\/www.grottemadeleine.com\/\">https:\/\/www.grottemadeleine.com\/<\/a><\/p><\/div>\n            \n            \n            \n            \n        <\/div>\n\n    <\/li>\n        <li >\n\n    \n\n<div href class=\"uk-accordion-title\">Aven Marzal<\/div>\n\n\n\n            \n\n        <div class=\"uk-accordion-content\">\n\n            \n            \n            \n                        <div class=\"uk-margin\"><p>Eine weitere au&szlig;ergew&ouml;hnliche H&ouml;hle, die es zu entdecken gilt: die Aven Marzal ist eine H&ouml;hle, die 1892 von E. A. Martel, dem weltber&uuml;hmten franz&ouml;sischen H&ouml;hlenforscher, erkundet wurde.&nbsp;In 125 Metern Tiefe erwarten Sie eine Reise durch die Korridore der Zeit und ein Besuch im Herzen der Erde.<\/p>\n<p>In Saint-Rem&egrave;ze, in den Schluchten der Ard&egrave;che, bieten sich Ihnen vor Ort drei Aktivit&auml;ten:<\/p>\n<p>- Das Museum der unterirdischen Welt, das die Entwicklung der von H&ouml;hlenforschern verwendeten Ausr&uuml;stung nachzeichnet.<\/p>\n<p>- Aven Marzal, ein Abenteuer unter der Erde. Eine 45-min&uuml;tige F&uuml;hrung 125 m unter der Erde, mit Audioguides in Englisch, Deutsch und Niederl&auml;ndisch.<\/p>\n<p>- Ein pr&auml;historischer Zoo: der Wald der Dinos. Auf einem 800 m langen Rundweg k&ouml;nnen Sie lebensgro&szlig;e Modelle von Dinosauriern, Tieren und Menschen aus der Urzeit entdecken.&nbsp;Sie k&ouml;nnen sie br&uuml;llen h&ouml;ren und sich ihnen n&auml;hern. Wer sich als kleiner Pal&auml;ontologe bet&auml;tigen m&ouml;chte, kann die arch&auml;ologischen Ausgrabungen erkunden und sich mit Dinos messen, um zu sehen, wer der Schnellste ist.<\/p>\n<p>Weitere Informationen: <a href=\"https:\/\/www.aven-marzal.com\/\">https:\/\/www.aven-marzal.com\/<\/a><\/p><\/div>\n            \n            \n            \n            \n        <\/div>\n\n    <\/li>\n        <li >\n\n    \n\n<div href class=\"uk-accordion-title\">Die H\u00f6hle Saint-Marcel<\/div>\n\n\n\n            \n\n        <div class=\"uk-accordion-content\">\n\n            \n            \n            \n                        <div class=\"uk-margin\"><p>Mitten im Herzen der Ard&egrave;che-Schlucht liegt <strong>die Grotte Saint-Marcel<\/strong>, die mit ihren Galerien und Konkretionen ein herrliches Schauspiel bietet. Sie finden hier auch den Wasserfall von Gours: einzigartig in Europa!&nbsp;Die H&ouml;hle von Saint-Marcel ist eine der gr&ouml;&szlig;ten H&ouml;hlen Frankreichs. Sie wurde aufgrund ihrer geologischen und arch&auml;ologischen Dimension zum nationalen Kulturerbe erkl&auml;rt und beherbergt ein H&ouml;hlennetzwerk von mehr als 60 km.&nbsp;Auf einer 400 m langen Besichtigungstour begeben Sie sich auf die Spuren des fossilen Flusses und entdecken gro&szlig;e S&auml;le und Galerien, die durch das steigende Wasser des Mittelmeers geformt wurden.&nbsp;Die Ton- und Lichtshow setzt den grandiosen Wasserfall von Gours in Szene. Erkunden Sie seine Abfolge von hundert Calcitbecken aus Wasser &ndash; eine Kulisse, die Sie nirgendwo sonst finden werden!&nbsp;Das H&ouml;hlensystem der Grotte Saint-Marcel ist international bekannt, es ist das viertgr&ouml;&szlig;te in Frankreich. Es wird immer noch erforscht und im Laufe dieses Jahres wurden von den H&ouml;hlenforschern immer wieder Entdeckungen gemacht, zum Beispiel ein neuer Saal mit einer H&ouml;he von 30 Metern. Wer gut beobachten kann, wird mit &Uuml;berraschungen belohnt: Entdecken Sie den Sch&auml;del eines H&ouml;hlenb&auml;ren, einen Tier- oder vielleicht ein Menschenzahn sowie Fu&szlig;abdr&uuml;cke!<\/p>\n<p>Weitere Informationen: <a href=\"https:\/\/www.grotte-ardeche.com\/\">https:\/\/www.grotte-ardeche.com\/<\/a><\/p><\/div>\n            \n            \n            \n            \n        <\/div>\n\n    <\/li>\n        <li >\n\n    \n\n<div href class=\"uk-accordion-title\">Die H\u00f6hle von La Cocali\u00e8re<\/div>\n\n\n\n            \n\n        <div class=\"uk-accordion-content\">\n\n            \n            \n            \n                        <div class=\"uk-margin\"><p>Die H&ouml;hle La Cocali&egrave;re befindet sich in der Gemeinde Courry zwischen den Departements Gard und Ard&egrave;che. Eine wunderbarer Ausflug f&uuml;r die ganze Familie im Herzen einer der sch&ouml;nsten H&ouml;hlen Frankreichs &ndash; haben Sie Lust? Schlendern Sie durch eine unterirdische Welt von nicht weniger als 30 Kilometern L&auml;nge und entdecken Sie all die Konkretionen, die sich Ihnen auf diesem Weg bieten. &nbsp;<\/p>\n<p>Weitere Informationen: <a href=\"https:\/\/www.grotte-cocaliere.com\/\">https:\/\/www.grotte-cocaliere.com\/<\/a><\/p><\/div>\n            \n            \n            \n            \n        <\/div>\n\n    <\/li>\n    \n<\/ul>\n<\/div>\n","protected":false},"excerpt":{"rendered":"<p>Finden Sie hier die sch\u00f6nsten H\u00f6hlen, die Sie w\u00e4hrend Ihres Aufenthalts auf unserem traumhaften Campingplatz in der Ard\u00e8che entdecken k\u00f6nnen. Wenn Sie ein Fan von Wassersport sind, k\u00f6nnen Sie sich auf Kanufahrten in der Ard\u00e8che freuen. Die Chauvet-H\u00f6hle 2 &nbsp;Die Chauvet H\u00f6hle 2 ist eine Originalrekonstruktion der echten Chauvet-H\u00f6hle und befindet sich in Vallon Pont [&hellip;]<\/p>\n","protected":false},"author":1,"featured_media":0,"parent":2101,"menu_order":0,"comment_status":"closed","ping_status":"closed","template":"","meta":{"_acf_changed":false,"footnotes":""},"class_list":["post-2122","page","type-page","status-publish","hentry"],"acf":[],"yoast_head":"<!-- This site is optimized with the Yoast SEO plugin v27.3 - https:\/\/yoast.com\/product\/yoast-seo-wordpress\/ -->\n<title>Die H\u00f6hlen der Ard\u00e8che - Camping Le Pommier<\/title>\n<meta name=\"robots\" content=\"index, follow, max-snippet:-1, max-image-preview:large, max-video-preview:-1\" \/>\n<link rel=\"canonical\" href=\"https:\/\/campinglepommier.com\/de\/was-kann-man-die-ardeche-ein-departement-voller-entdeckungen\/die-hoehlen-der-ardeche\/\" \/>\n<meta property=\"og:locale\" content=\"de_DE\" \/>\n<meta property=\"og:type\" content=\"article\" \/>\n<meta property=\"og:title\" content=\"Die H\u00f6hlen der Ard\u00e8che - Camping Le Pommier\" \/>\n<meta property=\"og:description\" content=\"Finden Sie hier die sch\u00f6nsten H\u00f6hlen, die Sie w\u00e4hrend Ihres Aufenthalts auf unserem traumhaften Campingplatz in der Ard\u00e8che entdecken k\u00f6nnen. Wenn Sie ein Fan von Wassersport sind, k\u00f6nnen Sie sich auf Kanufahrten in der Ard\u00e8che freuen. Die Chauvet-H\u00f6hle 2 &nbsp;Die Chauvet H\u00f6hle 2 ist eine Originalrekonstruktion der echten Chauvet-H\u00f6hle und befindet sich in Vallon Pont [&hellip;]\" \/>\n<meta property=\"og:url\" content=\"https:\/\/campinglepommier.com\/de\/was-kann-man-die-ardeche-ein-departement-voller-entdeckungen\/die-hoehlen-der-ardeche\/\" \/>\n<meta property=\"og:site_name\" content=\"Camping Le Pommier\" \/>\n<meta property=\"article:modified_time\" content=\"2022-04-22T15:28:48+00:00\" \/>\n<meta name=\"twitter:card\" content=\"summary_large_image\" \/>\n<meta name=\"twitter:label1\" content=\"Gesch\u00e4tzte Lesezeit\" \/>\n\t<meta name=\"twitter:data1\" content=\"3\u00a0Minuten\" \/>\n<script type=\"application\/ld+json\" class=\"yoast-schema-graph\">{\"@context\":\"https:\\\/\\\/schema.org\",\"@graph\":[{\"@type\":\"WebPage\",\"@id\":\"https:\\\/\\\/campinglepommier.com\\\/de\\\/was-kann-man-die-ardeche-ein-departement-voller-entdeckungen\\\/die-hoehlen-der-ardeche\\\/\",\"url\":\"https:\\\/\\\/campinglepommier.com\\\/de\\\/was-kann-man-die-ardeche-ein-departement-voller-entdeckungen\\\/die-hoehlen-der-ardeche\\\/\",\"name\":\"Die H\u00f6hlen der Ard\u00e8che - Camping Le Pommier\",\"isPartOf\":{\"@id\":\"https:\\\/\\\/campinglepommier.com\\\/de\\\/#website\"},\"datePublished\":\"2022-04-22T15:27:18+00:00\",\"dateModified\":\"2022-04-22T15:28:48+00:00\",\"breadcrumb\":{\"@id\":\"https:\\\/\\\/campinglepommier.com\\\/de\\\/was-kann-man-die-ardeche-ein-departement-voller-entdeckungen\\\/die-hoehlen-der-ardeche\\\/#breadcrumb\"},\"inLanguage\":\"de\",\"potentialAction\":[{\"@type\":\"ReadAction\",\"target\":[\"https:\\\/\\\/campinglepommier.com\\\/de\\\/was-kann-man-die-ardeche-ein-departement-voller-entdeckungen\\\/die-hoehlen-der-ardeche\\\/\"]}]},{\"@type\":\"BreadcrumbList\",\"@id\":\"https:\\\/\\\/campinglepommier.com\\\/de\\\/was-kann-man-die-ardeche-ein-departement-voller-entdeckungen\\\/die-hoehlen-der-ardeche\\\/#breadcrumb\",\"itemListElement\":[{\"@type\":\"ListItem\",\"position\":1,\"name\":\"Camping Ard\u00e8che\",\"item\":\"https:\\\/\\\/campinglepommier.com\\\/de\\\/\"},{\"@type\":\"ListItem\",\"position\":2,\"name\":\"Die Ard\u00e8che \u2013 ein Departement voller Entdeckungen\",\"item\":\"https:\\\/\\\/campinglepommier.com\\\/de\\\/was-kann-man-die-ardeche-ein-departement-voller-entdeckungen\\\/\"},{\"@type\":\"ListItem\",\"position\":3,\"name\":\"Die H\u00f6hlen der Ard\u00e8che\"}]},{\"@type\":\"WebSite\",\"@id\":\"https:\\\/\\\/campinglepommier.com\\\/de\\\/#website\",\"url\":\"https:\\\/\\\/campinglepommier.com\\\/de\\\/\",\"name\":\"Camping Le Pommier\",\"description\":\"\",\"potentialAction\":[{\"@type\":\"SearchAction\",\"target\":{\"@type\":\"EntryPoint\",\"urlTemplate\":\"https:\\\/\\\/campinglepommier.com\\\/de\\\/?s={search_term_string}\"},\"query-input\":{\"@type\":\"PropertyValueSpecification\",\"valueRequired\":true,\"valueName\":\"search_term_string\"}}],\"inLanguage\":\"de\"}]}<\/script>\n<!-- \/ Yoast SEO plugin. -->","yoast_head_json":{"title":"Die H\u00f6hlen der Ard\u00e8che - Camping Le Pommier","robots":{"index":"index","follow":"follow","max-snippet":"max-snippet:-1","max-image-preview":"max-image-preview:large","max-video-preview":"max-video-preview:-1"},"canonical":"https:\/\/campinglepommier.com\/de\/was-kann-man-die-ardeche-ein-departement-voller-entdeckungen\/die-hoehlen-der-ardeche\/","og_locale":"de_DE","og_type":"article","og_title":"Die H\u00f6hlen der Ard\u00e8che - Camping Le Pommier","og_description":"Finden Sie hier die sch\u00f6nsten H\u00f6hlen, die Sie w\u00e4hrend Ihres Aufenthalts auf unserem traumhaften Campingplatz in der Ard\u00e8che entdecken k\u00f6nnen. Wenn Sie ein Fan von Wassersport sind, k\u00f6nnen Sie sich auf Kanufahrten in der Ard\u00e8che freuen. Die Chauvet-H\u00f6hle 2 &nbsp;Die Chauvet H\u00f6hle 2 ist eine Originalrekonstruktion der echten Chauvet-H\u00f6hle und befindet sich in Vallon Pont [&hellip;]","og_url":"https:\/\/campinglepommier.com\/de\/was-kann-man-die-ardeche-ein-departement-voller-entdeckungen\/die-hoehlen-der-ardeche\/","og_site_name":"Camping Le Pommier","article_modified_time":"2022-04-22T15:28:48+00:00","twitter_card":"summary_large_image","twitter_misc":{"Gesch\u00e4tzte Lesezeit":"3\u00a0Minuten"},"schema":{"@context":"https:\/\/schema.org","@graph":[{"@type":"WebPage","@id":"https:\/\/campinglepommier.com\/de\/was-kann-man-die-ardeche-ein-departement-voller-entdeckungen\/die-hoehlen-der-ardeche\/","url":"https:\/\/campinglepommier.com\/de\/was-kann-man-die-ardeche-ein-departement-voller-entdeckungen\/die-hoehlen-der-ardeche\/","name":"Die H\u00f6hlen der Ard\u00e8che - Camping Le Pommier","isPartOf":{"@id":"https:\/\/campinglepommier.com\/de\/#website"},"datePublished":"2022-04-22T15:27:18+00:00","dateModified":"2022-04-22T15:28:48+00:00","breadcrumb":{"@id":"https:\/\/campinglepommier.com\/de\/was-kann-man-die-ardeche-ein-departement-voller-entdeckungen\/die-hoehlen-der-ardeche\/#breadcrumb"},"inLanguage":"de","potentialAction":[{"@type":"ReadAction","target":["https:\/\/campinglepommier.com\/de\/was-kann-man-die-ardeche-ein-departement-voller-entdeckungen\/die-hoehlen-der-ardeche\/"]}]},{"@type":"BreadcrumbList","@id":"https:\/\/campinglepommier.com\/de\/was-kann-man-die-ardeche-ein-departement-voller-entdeckungen\/die-hoehlen-der-ardeche\/#breadcrumb","itemListElement":[{"@type":"ListItem","position":1,"name":"Camping Ard\u00e8che","item":"https:\/\/campinglepommier.com\/de\/"},{"@type":"ListItem","position":2,"name":"Die Ard\u00e8che \u2013 ein Departement voller Entdeckungen","item":"https:\/\/campinglepommier.com\/de\/was-kann-man-die-ardeche-ein-departement-voller-entdeckungen\/"},{"@type":"ListItem","position":3,"name":"Die H\u00f6hlen der Ard\u00e8che"}]},{"@type":"WebSite","@id":"https:\/\/campinglepommier.com\/de\/#website","url":"https:\/\/campinglepommier.com\/de\/","name":"Camping Le Pommier","description":"","potentialAction":[{"@type":"SearchAction","target":{"@type":"EntryPoint","urlTemplate":"https:\/\/campinglepommier.com\/de\/?s={search_term_string}"},"query-input":{"@type":"PropertyValueSpecification","valueRequired":true,"valueName":"search_term_string"}}],"inLanguage":"de"}]}},"_links":{"self":[{"href":"https:\/\/campinglepommier.com\/de\/wp-json\/wp\/v2\/pages\/2122","targetHints":{"allow":["GET"]}}],"collection":[{"href":"https:\/\/campinglepommier.com\/de\/wp-json\/wp\/v2\/pages"}],"about":[{"href":"https:\/\/campinglepommier.com\/de\/wp-json\/wp\/v2\/types\/page"}],"author":[{"embeddable":true,"href":"https:\/\/campinglepommier.com\/de\/wp-json\/wp\/v2\/users\/1"}],"replies":[{"embeddable":true,"href":"https:\/\/campinglepommier.com\/de\/wp-json\/wp\/v2\/comments?post=2122"}],"version-history":[{"count":2,"href":"https:\/\/campinglepommier.com\/de\/wp-json\/wp\/v2\/pages\/2122\/revisions"}],"predecessor-version":[{"id":2124,"href":"https:\/\/campinglepommier.com\/de\/wp-json\/wp\/v2\/pages\/2122\/revisions\/2124"}],"up":[{"embeddable":true,"href":"https:\/\/campinglepommier.com\/de\/wp-json\/wp\/v2\/pages\/2101"}],"wp:attachment":[{"href":"https:\/\/campinglepommier.com\/de\/wp-json\/wp\/v2\/media?parent=2122"}],"curies":[{"name":"wp","href":"https:\/\/api.w.org\/{rel}","templated":true}]}}