{"id":2007,"date":"2022-04-22T15:50:31","date_gmt":"2022-04-22T13:50:31","guid":{"rendered":"https:\/\/campinglepommier.com\/erkunden-sie-den-fluss-ardeche-mit-den-partnern-des-campingplatzes-le-pommier\/"},"modified":"2025-06-26T16:19:28","modified_gmt":"2025-06-26T14:19:28","slug":"erkunden-sie-den-fluss-ardeche-mit-den-partnern-des-campingplatzes-le-pommier","status":"publish","type":"page","link":"https:\/\/campinglepommier.com\/de\/was-kann-man-die-ardeche-ein-departement-voller-entdeckungen\/erkunden-sie-den-fluss-ardeche-mit-den-partnern-des-campingplatzes-le-pommier\/","title":{"rendered":"Erkunden Sie den Fluss Ard\u00e8che mit den Partnern des Campingplatzes Le Pommier"},"content":{"rendered":"\n<div class=\"wp-block-yootheme-widgetkit\">\n<div class=\" \" uk-slider=\"sets: true; autoplay-interval: 3500; pause-on-hover: false\">\n\n    \n    <div class=\"uk-position-relative uk-visible-toggle uk-margin\">\n\n        <ul class=\"uk-slider-items uk-grid uk-grid-match uk-child-width-1-1 uk-child-width-1-2@s uk-child-width-1-4@m uk-grid-small\">\n        \n            <li >\n\n                <div class=\"uk-panel uk-text-center\">\n\n                    \n                    \n                                        <div class=\"uk-text-center uk-margin uk-margin-remove-top\"><div class=\"uk-inline-clip \"><img decoding=\"async\" src=\"\/wp-content\/plugins\/widgetkit\/cache\/Canoes_dans_les_Gorges-fcbb9011cd795c59fb436c69919df908.jpg\" class=\" uk-transition-scale-up uk-transition-opaque\" alt=\"Ciela Village\" width=\"500\" height=\"400\"><\/div><\/div>\n                    \n                    \n                        \n                        \n                        \n                        \n                        \n                        \n                        \n                    \n                <\/div>\n\n            <\/li>\n\n        \n            <li >\n\n                <div class=\"uk-panel uk-text-center\">\n\n                    \n                    \n                                        <div class=\"uk-text-center uk-margin uk-margin-remove-top\"><div class=\"uk-inline-clip \"><img decoding=\"async\" src=\"\/wp-content\/plugins\/widgetkit\/cache\/Canyoning-7c815f355d3e7bcb0d4b04f4ed923724.jpg\" class=\" uk-transition-scale-up uk-transition-opaque\" alt=\"Ciela Village\" width=\"500\" height=\"400\"><\/div><\/div>\n                    \n                    \n                        \n                        \n                        \n                        \n                        \n                        \n                        \n                    \n                <\/div>\n\n            <\/li>\n\n        \n            <li >\n\n                <div class=\"uk-panel uk-text-center\">\n\n                    \n                    \n                                        <div class=\"uk-text-center uk-margin uk-margin-remove-top\"><div class=\"uk-inline-clip \"><img decoding=\"async\" src=\"\/wp-content\/plugins\/widgetkit\/cache\/Gorges_de_lArdeche-2a848dbea063573adf6dfd29a860bf7a.jpg\" class=\" uk-transition-scale-up uk-transition-opaque\" alt=\"Ciela Village\" width=\"500\" height=\"400\"><\/div><\/div>\n                    \n                    \n                        \n                        \n                        \n                        \n                        \n                        \n                        \n                    \n                <\/div>\n\n            <\/li>\n\n        \n            <li >\n\n                <div class=\"uk-panel uk-text-center\">\n\n                    \n                    \n                                        <div class=\"uk-text-center uk-margin uk-margin-remove-top\"><div class=\"uk-inline-clip \"><img decoding=\"async\" src=\"\/wp-content\/plugins\/widgetkit\/cache\/Les-Rapides-356b3ddc589ca56ad836e05942c7214a.jpg\" class=\" uk-transition-scale-up uk-transition-opaque\" alt=\"Ciela Village\" width=\"500\" height=\"400\"><\/div><\/div>\n                    \n                    \n                        \n                        \n                        \n                        \n                        \n                        \n                        \n                    \n                <\/div>\n\n            <\/li>\n\n                <\/ul>\n\n        \n    <\/div>\n\n    \n        <ul class=\"uk-slider-nav uk-dotnav uk-flex-center uk-margin-remove-bottom\"><\/ul>\n    \n    \n<\/div>\n<\/div>\n\n\n\n<p>Der Fluss Ard\u00e8che h\u00e4lt viele \u00dcberraschungen f\u00fcr Sie bereit!\u00a0F\u00fcr Anf\u00e4nger und Fortgeschrittene, f\u00fcr Liebhaber sportlicher Abfahrten oder Fans von Spazierg\u00e4ngen entlang des Wassers \u2013 die<a href=\"https:\/\/campinglepommier.com\/de\/was-kann-man-die-ardeche-ein-departement-voller-entdeckungen\/\">Ard\u00e8che<\/a> bietet zahlreiche spannende Ausflugsziele und malerische Freizeitaktivit\u00e4ten.\u00a0Die klare, smaragdgr\u00fcne Ard\u00e8che ist ein Fluss, den man auch prima mit dem Kanu erkunden kann.\u00a0Tanken Sie neue Energie und atmen Sie die frische Luft ein, w\u00e4hrend Sie auf den Gew\u00e4ssern fahren und sich inmitten der Natur der Ard\u00e8che vergn\u00fcgen!\u00a0\u00a0Gleiten Sie durch nat\u00fcrliche, rasante Kurven und Stromschnellen und beenden Sie Ihre Bootsfahrt unter der legend\u00e4ren Pont d&#8217;Arc. Es gibt zahlreiche M\u00f6glichkeiten, die nat\u00fcrliche Sch\u00f6nheit der Ard\u00e8che-Schlucht hautnah zu erleben.\u00a0Von 8 bis 32 km k\u00f6nnen Sie mit 1,5 bis 6 Stunden Fahrzeit rechnen \u2013 perfekt, um zahlreiche Bade- oder Mittagspausen genie\u00dfen und die einzigartigen Landschaften der Ard\u00e8che zu bewundern.<\/p>\n\n\n\n<h2 class=\"wp-block-heading\">Kajak <\/h2>\n\n\n\n<p>Entdecken Sie die Schluchten der Ard\u00e8che und unternehmen Sie eine der legend\u00e4ren, unterhaltsamen Kajakfahrten auf der Ard\u00e8che unter sicheren Bedingungen. Ein f\u00fcr Kinder ab 7 Jahren zug\u00e4nglicher Bootsparcours mit Abfahrten \u00fcber 8 oder 13 km f\u00fcr einen halben Tag, um entspannt zu Baden und an den Str\u00e4nden zu faulenzen, oder ein ganzer Tag (24 oder 32 km) durch das Naturschutzgebiet der Ard\u00e8che-Schluchten. Nachdem Sie die bekannteste Stromschnelle \u201eCharlemagne\u201c \u00fcberquert haben, k\u00f6nnen Sie begeistert Ihr Ziel entdecken und die ber\u00fchmte Pont d&#8217;Arc im Herzen des Naturschutzgebiets Gorges de l&#8217;Ard\u00e8che in der Gemeinde Vallon Pont d&#8217;Arc bestaunen<\/p>\n\n\n\n<p><a href=\"https:\/\/www.aigue-vive.com\/\">https:\/\/www.aigue-vive.com\/<\/a><\/p>\n\n\n\n<h2 class=\"wp-block-heading\">Canyoning <\/h2>\n\n\n\n<p>Lust auf Abenteuer? Im Programm: jede Menge frische Luft, Kontakt mit der Natur und ein einzigartiges Gef\u00fchl von Freiheit.<\/p>\n\n\n\n<p>Wenn Sie Canyoning, Via Ferrata und Klettern m\u00f6gen, gerne H\u00f6hlen erkunden, oder Sport, Natur und Abenteuer lieben, werden Sie eine unvergessliche Zeit in den Canyons der Ard\u00e8che verbringen!!!<\/p>\n\n\n\n<p>Passionierte Guides warten bereits auf Sie!<\/p>\n\n\n\n<p><a href=\"https:\/\/ardeche-canyon.com\/\">www.ardeche-canyon.com<\/a><\/p>\n","protected":false},"excerpt":{"rendered":"<p>Der Fluss Ard\u00e8che h\u00e4lt viele \u00dcberraschungen f\u00fcr Sie bereit!\u00a0F\u00fcr Anf\u00e4nger und Fortgeschrittene, f\u00fcr Liebhaber sportlicher Abfahrten oder Fans von Spazierg\u00e4ngen entlang des Wassers \u2013 dieArd\u00e8che bietet zahlreiche spannende Ausflugsziele und malerische Freizeitaktivit\u00e4ten.\u00a0Die klare, smaragdgr\u00fcne Ard\u00e8che ist ein Fluss, den man auch prima mit dem Kanu erkunden kann.\u00a0Tanken Sie neue Energie und atmen Sie die frische [&hellip;]<\/p>\n","protected":false},"author":1,"featured_media":0,"parent":2101,"menu_order":0,"comment_status":"closed","ping_status":"closed","template":"","meta":{"_acf_changed":false,"footnotes":""},"class_list":["post-2007","page","type-page","status-publish","hentry"],"acf":[],"yoast_head":"<!-- This site is optimized with the Yoast SEO plugin v27.3 - https:\/\/yoast.com\/product\/yoast-seo-wordpress\/ -->\n<title>Kanu, Kajak und Canyoning in der Ard\u00e8che<\/title>\n<meta name=\"description\" content=\"Entdecken Sie die sch\u00f6nsten Fl\u00fcsse der Ard\u00e8che bei einem Kanu-, Kajak- oder Canyoning-Ausflug w\u00e4hrend Ihres Urlaubs in der Ard\u00e8che\" \/>\n<meta name=\"robots\" content=\"index, follow, max-snippet:-1, max-image-preview:large, max-video-preview:-1\" \/>\n<link rel=\"canonical\" href=\"https:\/\/campinglepommier.com\/de\/was-kann-man-die-ardeche-ein-departement-voller-entdeckungen\/erkunden-sie-den-fluss-ardeche-mit-den-partnern-des-campingplatzes-le-pommier\/\" \/>\n<meta property=\"og:locale\" content=\"de_DE\" \/>\n<meta property=\"og:type\" content=\"article\" \/>\n<meta property=\"og:title\" content=\"Kanu, Kajak und Canyoning in der Ard\u00e8che\" \/>\n<meta property=\"og:description\" content=\"Entdecken Sie die sch\u00f6nsten Fl\u00fcsse der Ard\u00e8che bei einem Kanu-, Kajak- oder Canyoning-Ausflug w\u00e4hrend Ihres Urlaubs in der Ard\u00e8che\" \/>\n<meta property=\"og:url\" content=\"https:\/\/campinglepommier.com\/de\/was-kann-man-die-ardeche-ein-departement-voller-entdeckungen\/erkunden-sie-den-fluss-ardeche-mit-den-partnern-des-campingplatzes-le-pommier\/\" \/>\n<meta property=\"og:site_name\" content=\"Camping Le Pommier\" \/>\n<meta property=\"article:modified_time\" content=\"2025-06-26T14:19:28+00:00\" \/>\n<meta name=\"twitter:card\" content=\"summary_large_image\" \/>\n<meta name=\"twitter:label1\" content=\"Gesch\u00e4tzte Lesezeit\" \/>\n\t<meta name=\"twitter:data1\" content=\"2\u00a0Minuten\" \/>\n<script type=\"application\/ld+json\" class=\"yoast-schema-graph\">{\"@context\":\"https:\\\/\\\/schema.org\",\"@graph\":[{\"@type\":\"WebPage\",\"@id\":\"https:\\\/\\\/campinglepommier.com\\\/de\\\/was-kann-man-die-ardeche-ein-departement-voller-entdeckungen\\\/erkunden-sie-den-fluss-ardeche-mit-den-partnern-des-campingplatzes-le-pommier\\\/\",\"url\":\"https:\\\/\\\/campinglepommier.com\\\/de\\\/was-kann-man-die-ardeche-ein-departement-voller-entdeckungen\\\/erkunden-sie-den-fluss-ardeche-mit-den-partnern-des-campingplatzes-le-pommier\\\/\",\"name\":\"Kanu, Kajak und Canyoning in der Ard\u00e8che\",\"isPartOf\":{\"@id\":\"https:\\\/\\\/campinglepommier.com\\\/de\\\/#website\"},\"datePublished\":\"2022-04-22T13:50:31+00:00\",\"dateModified\":\"2025-06-26T14:19:28+00:00\",\"description\":\"Entdecken Sie die sch\u00f6nsten Fl\u00fcsse der Ard\u00e8che bei einem Kanu-, Kajak- oder Canyoning-Ausflug w\u00e4hrend Ihres Urlaubs in der Ard\u00e8che\",\"breadcrumb\":{\"@id\":\"https:\\\/\\\/campinglepommier.com\\\/de\\\/was-kann-man-die-ardeche-ein-departement-voller-entdeckungen\\\/erkunden-sie-den-fluss-ardeche-mit-den-partnern-des-campingplatzes-le-pommier\\\/#breadcrumb\"},\"inLanguage\":\"de\",\"potentialAction\":[{\"@type\":\"ReadAction\",\"target\":[\"https:\\\/\\\/campinglepommier.com\\\/de\\\/was-kann-man-die-ardeche-ein-departement-voller-entdeckungen\\\/erkunden-sie-den-fluss-ardeche-mit-den-partnern-des-campingplatzes-le-pommier\\\/\"]}]},{\"@type\":\"BreadcrumbList\",\"@id\":\"https:\\\/\\\/campinglepommier.com\\\/de\\\/was-kann-man-die-ardeche-ein-departement-voller-entdeckungen\\\/erkunden-sie-den-fluss-ardeche-mit-den-partnern-des-campingplatzes-le-pommier\\\/#breadcrumb\",\"itemListElement\":[{\"@type\":\"ListItem\",\"position\":1,\"name\":\"Camping Ard\u00e8che\",\"item\":\"https:\\\/\\\/campinglepommier.com\\\/de\\\/\"},{\"@type\":\"ListItem\",\"position\":2,\"name\":\"Die Ard\u00e8che \u2013 ein Departement voller Entdeckungen\",\"item\":\"https:\\\/\\\/campinglepommier.com\\\/de\\\/was-kann-man-die-ardeche-ein-departement-voller-entdeckungen\\\/\"},{\"@type\":\"ListItem\",\"position\":3,\"name\":\"Wassersport in der Ard\u00e8che\"}]},{\"@type\":\"WebSite\",\"@id\":\"https:\\\/\\\/campinglepommier.com\\\/de\\\/#website\",\"url\":\"https:\\\/\\\/campinglepommier.com\\\/de\\\/\",\"name\":\"Camping Le Pommier\",\"description\":\"\",\"potentialAction\":[{\"@type\":\"SearchAction\",\"target\":{\"@type\":\"EntryPoint\",\"urlTemplate\":\"https:\\\/\\\/campinglepommier.com\\\/de\\\/?s={search_term_string}\"},\"query-input\":{\"@type\":\"PropertyValueSpecification\",\"valueRequired\":true,\"valueName\":\"search_term_string\"}}],\"inLanguage\":\"de\"}]}<\/script>\n<!-- \/ Yoast SEO plugin. -->","yoast_head_json":{"title":"Kanu, Kajak und Canyoning in der Ard\u00e8che","description":"Entdecken Sie die sch\u00f6nsten Fl\u00fcsse der Ard\u00e8che bei einem Kanu-, Kajak- oder Canyoning-Ausflug w\u00e4hrend Ihres Urlaubs in der Ard\u00e8che","robots":{"index":"index","follow":"follow","max-snippet":"max-snippet:-1","max-image-preview":"max-image-preview:large","max-video-preview":"max-video-preview:-1"},"canonical":"https:\/\/campinglepommier.com\/de\/was-kann-man-die-ardeche-ein-departement-voller-entdeckungen\/erkunden-sie-den-fluss-ardeche-mit-den-partnern-des-campingplatzes-le-pommier\/","og_locale":"de_DE","og_type":"article","og_title":"Kanu, Kajak und Canyoning in der Ard\u00e8che","og_description":"Entdecken Sie die sch\u00f6nsten Fl\u00fcsse der Ard\u00e8che bei einem Kanu-, Kajak- oder Canyoning-Ausflug w\u00e4hrend Ihres Urlaubs in der Ard\u00e8che","og_url":"https:\/\/campinglepommier.com\/de\/was-kann-man-die-ardeche-ein-departement-voller-entdeckungen\/erkunden-sie-den-fluss-ardeche-mit-den-partnern-des-campingplatzes-le-pommier\/","og_site_name":"Camping Le Pommier","article_modified_time":"2025-06-26T14:19:28+00:00","twitter_card":"summary_large_image","twitter_misc":{"Gesch\u00e4tzte Lesezeit":"2\u00a0Minuten"},"schema":{"@context":"https:\/\/schema.org","@graph":[{"@type":"WebPage","@id":"https:\/\/campinglepommier.com\/de\/was-kann-man-die-ardeche-ein-departement-voller-entdeckungen\/erkunden-sie-den-fluss-ardeche-mit-den-partnern-des-campingplatzes-le-pommier\/","url":"https:\/\/campinglepommier.com\/de\/was-kann-man-die-ardeche-ein-departement-voller-entdeckungen\/erkunden-sie-den-fluss-ardeche-mit-den-partnern-des-campingplatzes-le-pommier\/","name":"Kanu, Kajak und Canyoning in der Ard\u00e8che","isPartOf":{"@id":"https:\/\/campinglepommier.com\/de\/#website"},"datePublished":"2022-04-22T13:50:31+00:00","dateModified":"2025-06-26T14:19:28+00:00","description":"Entdecken Sie die sch\u00f6nsten Fl\u00fcsse der Ard\u00e8che bei einem Kanu-, Kajak- oder Canyoning-Ausflug w\u00e4hrend Ihres Urlaubs in der Ard\u00e8che","breadcrumb":{"@id":"https:\/\/campinglepommier.com\/de\/was-kann-man-die-ardeche-ein-departement-voller-entdeckungen\/erkunden-sie-den-fluss-ardeche-mit-den-partnern-des-campingplatzes-le-pommier\/#breadcrumb"},"inLanguage":"de","potentialAction":[{"@type":"ReadAction","target":["https:\/\/campinglepommier.com\/de\/was-kann-man-die-ardeche-ein-departement-voller-entdeckungen\/erkunden-sie-den-fluss-ardeche-mit-den-partnern-des-campingplatzes-le-pommier\/"]}]},{"@type":"BreadcrumbList","@id":"https:\/\/campinglepommier.com\/de\/was-kann-man-die-ardeche-ein-departement-voller-entdeckungen\/erkunden-sie-den-fluss-ardeche-mit-den-partnern-des-campingplatzes-le-pommier\/#breadcrumb","itemListElement":[{"@type":"ListItem","position":1,"name":"Camping Ard\u00e8che","item":"https:\/\/campinglepommier.com\/de\/"},{"@type":"ListItem","position":2,"name":"Die Ard\u00e8che \u2013 ein Departement voller Entdeckungen","item":"https:\/\/campinglepommier.com\/de\/was-kann-man-die-ardeche-ein-departement-voller-entdeckungen\/"},{"@type":"ListItem","position":3,"name":"Wassersport in der Ard\u00e8che"}]},{"@type":"WebSite","@id":"https:\/\/campinglepommier.com\/de\/#website","url":"https:\/\/campinglepommier.com\/de\/","name":"Camping Le Pommier","description":"","potentialAction":[{"@type":"SearchAction","target":{"@type":"EntryPoint","urlTemplate":"https:\/\/campinglepommier.com\/de\/?s={search_term_string}"},"query-input":{"@type":"PropertyValueSpecification","valueRequired":true,"valueName":"search_term_string"}}],"inLanguage":"de"}]}},"_links":{"self":[{"href":"https:\/\/campinglepommier.com\/de\/wp-json\/wp\/v2\/pages\/2007","targetHints":{"allow":["GET"]}}],"collection":[{"href":"https:\/\/campinglepommier.com\/de\/wp-json\/wp\/v2\/pages"}],"about":[{"href":"https:\/\/campinglepommier.com\/de\/wp-json\/wp\/v2\/types\/page"}],"author":[{"embeddable":true,"href":"https:\/\/campinglepommier.com\/de\/wp-json\/wp\/v2\/users\/1"}],"replies":[{"embeddable":true,"href":"https:\/\/campinglepommier.com\/de\/wp-json\/wp\/v2\/comments?post=2007"}],"version-history":[{"count":3,"href":"https:\/\/campinglepommier.com\/de\/wp-json\/wp\/v2\/pages\/2007\/revisions"}],"predecessor-version":[{"id":220883,"href":"https:\/\/campinglepommier.com\/de\/wp-json\/wp\/v2\/pages\/2007\/revisions\/220883"}],"up":[{"embeddable":true,"href":"https:\/\/campinglepommier.com\/de\/wp-json\/wp\/v2\/pages\/2101"}],"wp:attachment":[{"href":"https:\/\/campinglepommier.com\/de\/wp-json\/wp\/v2\/media?parent=2007"}],"curies":[{"name":"wp","href":"https:\/\/api.w.org\/{rel}","templated":true}]}}