{"id":1985,"date":"2022-04-22T15:47:41","date_gmt":"2022-04-22T13:47:41","guid":{"rendered":"https:\/\/campinglepommier.com\/mieten-sie-ein-mobilheim-fuer-ihren-campingurlaub-in-der-ardeche\/"},"modified":"2025-10-15T14:35:37","modified_gmt":"2025-10-15T12:35:37","slug":"vermietung-von-mobilheimen-fuer-ihren-campingurlaub-in-der-ardeche","status":"publish","type":"page","link":"https:\/\/campinglepommier.com\/de\/vermietung-von-mobilheimen-fuer-ihren-campingurlaub-in-der-ardeche\/","title":{"rendered":"Mieten Sie ein Mobilheim f\u00fcr Ihren Campingurlaub in der Ard\u00e8che"},"content":{"rendered":"\n<p><\/p>\n\n\n\n<p><\/p>\n","protected":false},"excerpt":{"rendered":"","protected":false},"author":1,"featured_media":0,"parent":0,"menu_order":0,"comment_status":"closed","ping_status":"closed","template":"","meta":{"_acf_changed":false,"footnotes":""},"class_list":["post-1985","page","type-page","status-publish","hentry"],"acf":[],"yoast_head":"<!-- This site is optimized with the Yoast SEO plugin v27.3 - https:\/\/yoast.com\/product\/yoast-seo-wordpress\/ -->\n<title>Buchen Sie ein Mobilheim auf unserem 5-Sterne-Campingplatz in der Ard\u00e8che!<\/title>\n<meta name=\"description\" content=\"Nutzen Sie unsere Angebote f\u00fcr Mobilheime, die Sie auf unserem Campingplatz in der Ard\u00e8che mieten k\u00f6nnen, und genie\u00dfen Sie einen rundum komfortablen Urlaub!\" \/>\n<meta name=\"robots\" content=\"index, follow, max-snippet:-1, max-image-preview:large, max-video-preview:-1\" \/>\n<link rel=\"canonical\" href=\"https:\/\/campinglepommier.com\/de\/vermietung-von-mobilheimen-fuer-ihren-campingurlaub-in-der-ardeche\/\" \/>\n<meta property=\"og:locale\" content=\"de_DE\" \/>\n<meta property=\"og:type\" content=\"article\" \/>\n<meta property=\"og:title\" content=\"Buchen Sie ein Mobilheim auf unserem 5-Sterne-Campingplatz in der Ard\u00e8che!\" \/>\n<meta property=\"og:description\" content=\"Nutzen Sie unsere Angebote f\u00fcr Mobilheime, die Sie auf unserem Campingplatz in der Ard\u00e8che mieten k\u00f6nnen, und genie\u00dfen Sie einen rundum komfortablen Urlaub!\" \/>\n<meta property=\"og:url\" content=\"https:\/\/campinglepommier.com\/de\/vermietung-von-mobilheimen-fuer-ihren-campingurlaub-in-der-ardeche\/\" \/>\n<meta property=\"og:site_name\" content=\"Camping Le Pommier\" \/>\n<meta property=\"article:modified_time\" content=\"2025-10-15T12:35:37+00:00\" \/>\n<meta name=\"twitter:card\" content=\"summary_large_image\" \/>\n<script type=\"application\/ld+json\" class=\"yoast-schema-graph\">{\"@context\":\"https:\\\/\\\/schema.org\",\"@graph\":[{\"@type\":\"WebPage\",\"@id\":\"https:\\\/\\\/campinglepommier.com\\\/de\\\/vermietung-von-mobilheimen-fuer-ihren-campingurlaub-in-der-ardeche\\\/\",\"url\":\"https:\\\/\\\/campinglepommier.com\\\/de\\\/vermietung-von-mobilheimen-fuer-ihren-campingurlaub-in-der-ardeche\\\/\",\"name\":\"Buchen Sie ein Mobilheim auf unserem 5-Sterne-Campingplatz in der Ard\u00e8che!\",\"isPartOf\":{\"@id\":\"https:\\\/\\\/campinglepommier.com\\\/de\\\/#website\"},\"datePublished\":\"2022-04-22T13:47:41+00:00\",\"dateModified\":\"2025-10-15T12:35:37+00:00\",\"description\":\"Nutzen Sie unsere Angebote f\u00fcr Mobilheime, die Sie auf unserem Campingplatz in der Ard\u00e8che mieten k\u00f6nnen, und genie\u00dfen Sie einen rundum komfortablen Urlaub!\",\"breadcrumb\":{\"@id\":\"https:\\\/\\\/campinglepommier.com\\\/de\\\/vermietung-von-mobilheimen-fuer-ihren-campingurlaub-in-der-ardeche\\\/#breadcrumb\"},\"inLanguage\":\"de\",\"potentialAction\":[{\"@type\":\"ReadAction\",\"target\":[\"https:\\\/\\\/campinglepommier.com\\\/de\\\/vermietung-von-mobilheimen-fuer-ihren-campingurlaub-in-der-ardeche\\\/\"]}]},{\"@type\":\"BreadcrumbList\",\"@id\":\"https:\\\/\\\/campinglepommier.com\\\/de\\\/vermietung-von-mobilheimen-fuer-ihren-campingurlaub-in-der-ardeche\\\/#breadcrumb\",\"itemListElement\":[{\"@type\":\"ListItem\",\"position\":1,\"name\":\"Camping Ard\u00e8che\",\"item\":\"https:\\\/\\\/campinglepommier.com\\\/de\\\/\"},{\"@type\":\"ListItem\",\"position\":2,\"name\":\"Mobilheimvermietung Ard\u00e8che\"}]},{\"@type\":\"WebSite\",\"@id\":\"https:\\\/\\\/campinglepommier.com\\\/de\\\/#website\",\"url\":\"https:\\\/\\\/campinglepommier.com\\\/de\\\/\",\"name\":\"Camping Le Pommier\",\"description\":\"\",\"potentialAction\":[{\"@type\":\"SearchAction\",\"target\":{\"@type\":\"EntryPoint\",\"urlTemplate\":\"https:\\\/\\\/campinglepommier.com\\\/de\\\/?s={search_term_string}\"},\"query-input\":{\"@type\":\"PropertyValueSpecification\",\"valueRequired\":true,\"valueName\":\"search_term_string\"}}],\"inLanguage\":\"de\"}]}<\/script>\n<!-- \/ Yoast SEO plugin. -->","yoast_head_json":{"title":"Buchen Sie ein Mobilheim auf unserem 5-Sterne-Campingplatz in der Ard\u00e8che!","description":"Nutzen Sie unsere Angebote f\u00fcr Mobilheime, die Sie auf unserem Campingplatz in der Ard\u00e8che mieten k\u00f6nnen, und genie\u00dfen Sie einen rundum komfortablen Urlaub!","robots":{"index":"index","follow":"follow","max-snippet":"max-snippet:-1","max-image-preview":"max-image-preview:large","max-video-preview":"max-video-preview:-1"},"canonical":"https:\/\/campinglepommier.com\/de\/vermietung-von-mobilheimen-fuer-ihren-campingurlaub-in-der-ardeche\/","og_locale":"de_DE","og_type":"article","og_title":"Buchen Sie ein Mobilheim auf unserem 5-Sterne-Campingplatz in der Ard\u00e8che!","og_description":"Nutzen Sie unsere Angebote f\u00fcr Mobilheime, die Sie auf unserem Campingplatz in der Ard\u00e8che mieten k\u00f6nnen, und genie\u00dfen Sie einen rundum komfortablen Urlaub!","og_url":"https:\/\/campinglepommier.com\/de\/vermietung-von-mobilheimen-fuer-ihren-campingurlaub-in-der-ardeche\/","og_site_name":"Camping Le Pommier","article_modified_time":"2025-10-15T12:35:37+00:00","twitter_card":"summary_large_image","schema":{"@context":"https:\/\/schema.org","@graph":[{"@type":"WebPage","@id":"https:\/\/campinglepommier.com\/de\/vermietung-von-mobilheimen-fuer-ihren-campingurlaub-in-der-ardeche\/","url":"https:\/\/campinglepommier.com\/de\/vermietung-von-mobilheimen-fuer-ihren-campingurlaub-in-der-ardeche\/","name":"Buchen Sie ein Mobilheim auf unserem 5-Sterne-Campingplatz in der Ard\u00e8che!","isPartOf":{"@id":"https:\/\/campinglepommier.com\/de\/#website"},"datePublished":"2022-04-22T13:47:41+00:00","dateModified":"2025-10-15T12:35:37+00:00","description":"Nutzen Sie unsere Angebote f\u00fcr Mobilheime, die Sie auf unserem Campingplatz in der Ard\u00e8che mieten k\u00f6nnen, und genie\u00dfen Sie einen rundum komfortablen Urlaub!","breadcrumb":{"@id":"https:\/\/campinglepommier.com\/de\/vermietung-von-mobilheimen-fuer-ihren-campingurlaub-in-der-ardeche\/#breadcrumb"},"inLanguage":"de","potentialAction":[{"@type":"ReadAction","target":["https:\/\/campinglepommier.com\/de\/vermietung-von-mobilheimen-fuer-ihren-campingurlaub-in-der-ardeche\/"]}]},{"@type":"BreadcrumbList","@id":"https:\/\/campinglepommier.com\/de\/vermietung-von-mobilheimen-fuer-ihren-campingurlaub-in-der-ardeche\/#breadcrumb","itemListElement":[{"@type":"ListItem","position":1,"name":"Camping Ard\u00e8che","item":"https:\/\/campinglepommier.com\/de\/"},{"@type":"ListItem","position":2,"name":"Mobilheimvermietung Ard\u00e8che"}]},{"@type":"WebSite","@id":"https:\/\/campinglepommier.com\/de\/#website","url":"https:\/\/campinglepommier.com\/de\/","name":"Camping Le Pommier","description":"","potentialAction":[{"@type":"SearchAction","target":{"@type":"EntryPoint","urlTemplate":"https:\/\/campinglepommier.com\/de\/?s={search_term_string}"},"query-input":{"@type":"PropertyValueSpecification","valueRequired":true,"valueName":"search_term_string"}}],"inLanguage":"de"}]}},"_links":{"self":[{"href":"https:\/\/campinglepommier.com\/de\/wp-json\/wp\/v2\/pages\/1985","targetHints":{"allow":["GET"]}}],"collection":[{"href":"https:\/\/campinglepommier.com\/de\/wp-json\/wp\/v2\/pages"}],"about":[{"href":"https:\/\/campinglepommier.com\/de\/wp-json\/wp\/v2\/types\/page"}],"author":[{"embeddable":true,"href":"https:\/\/campinglepommier.com\/de\/wp-json\/wp\/v2\/users\/1"}],"replies":[{"embeddable":true,"href":"https:\/\/campinglepommier.com\/de\/wp-json\/wp\/v2\/comments?post=1985"}],"version-history":[{"count":18,"href":"https:\/\/campinglepommier.com\/de\/wp-json\/wp\/v2\/pages\/1985\/revisions"}],"predecessor-version":[{"id":390794,"href":"https:\/\/campinglepommier.com\/de\/wp-json\/wp\/v2\/pages\/1985\/revisions\/390794"}],"wp:attachment":[{"href":"https:\/\/campinglepommier.com\/de\/wp-json\/wp\/v2\/media?parent=1985"}],"curies":[{"name":"wp","href":"https:\/\/api.w.org\/{rel}","templated":true}]}}