{"id":1973,"date":"2022-04-22T15:46:49","date_gmt":"2022-04-22T13:46:49","guid":{"rendered":"https:\/\/campinglepommier.com\/ciela-village\/"},"modified":"2022-04-27T11:19:20","modified_gmt":"2022-04-27T09:19:20","slug":"ciela-village","status":"publish","type":"page","link":"https:\/\/campinglepommier.com\/de\/ciela-village\/","title":{"rendered":"Ciela Village"},"content":{"rendered":"\n<div class=\"wp-block-yootheme-widgetkit\">\n<div class=\" \" uk-slider=\"sets: true; autoplay-interval: 3500; pause-on-hover: false\">\n\n    \n    <div class=\"uk-position-relative uk-visible-toggle uk-margin\">\n\n        <ul class=\"uk-slider-items uk-grid uk-grid-match uk-child-width-1-1 uk-child-width-1-3@s uk-grid-small\">\n        \n            <li >\n\n                <div class=\"uk-panel uk-text-center\">\n\n                    \n                    \n                                        <div class=\"uk-text-center uk-margin uk-margin-remove-top\"><img decoding=\"async\" src=\"\/wp-content\/plugins\/widgetkit\/cache\/ARG-ADT07-Le_pont_darc_13-2f2439de7026ee35d3e30eaf5aa340aa.jpg\" alt=\"Ciela Village\" width=\"500\" height=\"400\"><\/div>\n                    \n                    \n                        \n                        \n                        \n                        \n                        \n                        \n                        \n                    \n                <\/div>\n\n            <\/li>\n\n        \n            <li >\n\n                <div class=\"uk-panel uk-text-center\">\n\n                    \n                    \n                                        <div class=\"uk-text-center uk-margin uk-margin-remove-top\"><img decoding=\"async\" src=\"\/wp-content\/plugins\/widgetkit\/cache\/006_Camping_Ardeche_Ciela_Village_Pommier_Drone-005d8ed5a997e093bd5d40231d4bc32d.jpg\" alt=\"Ciela Village\" width=\"500\" height=\"400\"><\/div>\n                    \n                    \n                        \n                        \n                        \n                        \n                        \n                        \n                        \n                    \n                <\/div>\n\n            <\/li>\n\n        \n            <li >\n\n                <div class=\"uk-panel uk-text-center\">\n\n                    \n                    \n                                        <div class=\"uk-text-center uk-margin uk-margin-remove-top\"><img decoding=\"async\" src=\"\/wp-content\/plugins\/widgetkit\/cache\/camping-ardeche-vie-camping-divers-pommier-ciela-village-97-e403344694701fff6049b37d84c7e183.jpg\" alt=\"Ciela Village\" width=\"500\" height=\"400\"><\/div>\n                    \n                    \n                        \n                        \n                        \n                        \n                        \n                        \n                        \n                    \n                <\/div>\n\n            <\/li>\n\n                <\/ul>\n\n        \n    <\/div>\n\n    \n        <ul class=\"uk-slider-nav uk-dotnav uk-flex-center uk-margin-remove-bottom\"><\/ul>\n    \n    \n<\/div>\n<\/div>\n\n\n\n<p>Wenn Sie sich f\u00fcr den <strong>5-Sterne-Campingplatzes Ciela Village Le Pommier<\/strong> entscheiden, um einen <strong>Urlaub in der Ard\u00e8che<\/strong> zu genie\u00dfen, k\u00f6nnen Sie sich auf eine einzigartige Erfahrung in einer au\u00dfergew\u00f6hnlichen Umgebung inmitten der Natur freuen!<\/p>\n\n\n\n<p>Vor Ort entdecken Sie die <strong>Ciel&#8217;Attitude<\/strong>, eine besondere Philosophie, die wir mit allen unseren Urlaubern w\u00e4hrend ihres Aufenthalts auf unserem <strong>Campingplatz in Villeneuve de Berg<\/strong> teilen m\u00f6chten! Die Ciel&#8217;Attitude steht f\u00fcr Werte wie Familie, gemeinsamen Austausch und das Gef\u00fchl, die Seele baumeln lassen zu k\u00f6nnen \u2013 eine Auszeit weit weg von den kleinen Sorgen und \u00c4rgernissen des Alltags.<\/p>\n\n\n\n<p>Ein idyllischer Rahmen, gemeinsame Momente mit der Familie und Freunden, eine freundliche, herzliche Atmosph\u00e4re \u2013 und nat\u00fcrlich hochwertige Dienstleistungen sowie Angebote und zahlreiche Aktivit\u00e4ten f\u00fcr einen absolut gelungenen Urlaub: Das perfekte Programm f\u00fcr einen Traum-Aufenthalt!<\/p>\n\n\n\n<p>Diese Philosophie begegnet Ihnen auf allen unseren <strong>hochwertigen, gastfreundlichen 4- und 5-Sterne-Campingpl\u00e4tzen<\/strong> in Frankreich! Alle Campingpl\u00e4tze dieses Zusammenschlusses befinden sich in au\u00dfergew\u00f6hnlichen Naturgebieten, nur wenige Schritte vom Ozean, vom Meer, von einem Fluss oder von den Bergen entfernt. Die ideale Lage jedes dieser Gel\u00e4nde erm\u00f6glicht es Ihnen, die zahlreichen touristischen Attraktionen ihrer jeweiligen Region spielend leicht zu erkunden!<\/p>\n\n\n\n<p>Sie waren von Ihrem Aufenthalt auf dem <strong>5-Sterne-Campingplatz Le Pommier<\/strong> begeistert und haben besonders die Philosophie unserer 4- und 5-Sterne-Freilufthotelgruppe Ciela Village gesch\u00e4tzt?<\/p>\n\n\n\n<p>Warum nicht weitere Ciela Village Campingpl\u00e4tze entdecken, die sich in anderen wundersch\u00f6nen Regionen Frankreichs befinden?<\/p>\n\n\n\n<h3 class=\"wp-block-heading\"><a href=\"https:\/\/cielavillage.fr\/de\/campings\/les-marsouins.html\">CAMPINGPLATZ LES MARSOUINS IN ARGELES-SUR-MER<\/a><\/h3>\n\n\n\n<h3 class=\"wp-block-heading\" id=\"camping-atlantica-a-saint-jean-de-luz\"><a href=\"https:\/\/cielavillage.fr\/de\/campings\/atlantica-st-jean-de-luz.html\">CAMPINGPLATZ ATLANTICA IN SAINT-JEAN-DE-LUZ<\/a><\/h3>\n\n\n\n<h3 class=\"wp-block-heading\" id=\"camping-la-rive-a-biscarrosse\"><a href=\"https:\/\/cielavillage.fr\/de\/campings\/la-rive-biscarrosse.html\">CAMPINGPLATZ LA RIVE IN BISCARROSSE<\/a><\/h3>\n\n\n\n<h3 class=\"wp-block-heading\" id=\"camping-les-fontaines-dans-le-luberon\"><a href=\"https:\/\/cielavillage.fr\/de\/campings\/les-fontaines-pernes-les-fontaines.html\">CAMPINGPLATZ LES FONTAINES IM LUB\u00c9RON<\/a><\/h3>\n\n\n\n<h3 class=\"wp-block-heading\" id=\"camping-terra-verdon-a-castellane\"><a href=\"https:\/\/cielavillage.fr\/campings\/terra-verdon-castellane.html\">CAMPINGPLATZ TERRA VERDON IN <\/a><a href=\"https:\/\/cielavillage.fr\/de\/campings\/terra-verdon-castellane.html\">CASTELLANE<\/a><\/h3>\n\n\n\n<h3 class=\"wp-block-heading\" id=\"camping-la-farigoulette-dans-les-gorges-du-verdon\"><a href=\"https:\/\/cielavillage.fr\/de\/campings\/la-farigoulette.html\">CAMPINGPLATZ LA FARIGOULETTE IN DEN GORGES DU VERDON<\/a><\/h3>\n\n\n\n<h3 class=\"wp-block-heading\" id=\"camping-au-lac-de-biscarrosse-a-parentis-en-born\"><a href=\"https:\/\/cielavillage.fr\/de\/campings\/camping-au-lac-de-biscarrosse-biscarrosse.html\">CAMPINGPLATZ AU LAC DE BISCARROSSE IN PARENTIS EN BORN<\/a><\/h3>\n\n\n\n<h3 class=\"wp-block-heading\" id=\"camping-le-castel-rose-a-anduze\"><a href=\"https:\/\/cielavillage.fr\/de\/campings\/campingplatz-le-castel-rose.html\">CAMPINGPLATZ LE CASTEL ROSE IN ANDUZE\u00a0<\/a><\/h3>\n\n\n\n<h3 class=\"wp-block-heading\" id=\"camping-avignon-parc-a-vedene\"><a href=\"https:\/\/cielavillage.fr\/de\/campings\/campingplatz-avignon-parc.html\">CAMPINGPLATZ AVIGNON PARC IN VEDENE<\/a><\/h3>\n\n\n\n<h3 class=\"wp-block-heading\" id=\"camping-avignon-parc-a-vedene\"><a href=\"https:\/\/cielavillage.fr\/de\/campings\/camping-les-bans-corcieux.html\">CAMPINGPLATZ DOMAINE DES BANS IN CORCIEUX<\/a><\/h3>\n","protected":false},"excerpt":{"rendered":"<p>Wenn Sie sich f\u00fcr den 5-Sterne-Campingplatzes Ciela Village Le Pommier entscheiden, um einen Urlaub in der Ard\u00e8che zu genie\u00dfen, k\u00f6nnen Sie sich auf eine einzigartige Erfahrung in einer au\u00dfergew\u00f6hnlichen Umgebung inmitten der Natur freuen! Vor Ort entdecken Sie die Ciel&#8217;Attitude, eine besondere Philosophie, die wir mit allen unseren Urlaubern w\u00e4hrend ihres Aufenthalts auf unserem Campingplatz [&hellip;]<\/p>\n","protected":false},"author":1,"featured_media":0,"parent":0,"menu_order":0,"comment_status":"closed","ping_status":"closed","template":"","meta":{"_acf_changed":false,"footnotes":""},"class_list":["post-1973","page","type-page","status-publish","hentry"],"acf":[],"yoast_head":"<!-- This site is optimized with the Yoast SEO plugin v27.3 - https:\/\/yoast.com\/product\/yoast-seo-wordpress\/ -->\n<title>Ciela Village - Camping Le Pommier<\/title>\n<meta name=\"description\" content=\"Die anderen Campingpl\u00e4tze der Ciela Village Gruppe: Entdecken Sie unsere anderen Urlaubsziele mit Ciela Village!\" \/>\n<meta name=\"robots\" content=\"index, follow, max-snippet:-1, max-image-preview:large, max-video-preview:-1\" \/>\n<link rel=\"canonical\" href=\"https:\/\/campinglepommier.com\/de\/ciela-village\/\" \/>\n<meta property=\"og:locale\" content=\"de_DE\" \/>\n<meta property=\"og:type\" content=\"article\" \/>\n<meta property=\"og:title\" content=\"Ciela Village - Camping Le Pommier\" \/>\n<meta property=\"og:description\" content=\"Die anderen Campingpl\u00e4tze der Ciela Village Gruppe: Entdecken Sie unsere anderen Urlaubsziele mit Ciela Village!\" \/>\n<meta property=\"og:url\" content=\"https:\/\/campinglepommier.com\/de\/ciela-village\/\" \/>\n<meta property=\"og:site_name\" content=\"Camping Le Pommier\" \/>\n<meta property=\"article:modified_time\" content=\"2022-04-27T09:19:20+00:00\" \/>\n<meta name=\"twitter:card\" content=\"summary_large_image\" \/>\n<meta name=\"twitter:label1\" content=\"Gesch\u00e4tzte Lesezeit\" \/>\n\t<meta name=\"twitter:data1\" content=\"2\u00a0Minuten\" \/>\n<script type=\"application\/ld+json\" class=\"yoast-schema-graph\">{\"@context\":\"https:\\\/\\\/schema.org\",\"@graph\":[{\"@type\":\"WebPage\",\"@id\":\"https:\\\/\\\/campinglepommier.com\\\/de\\\/ciela-village\\\/\",\"url\":\"https:\\\/\\\/campinglepommier.com\\\/de\\\/ciela-village\\\/\",\"name\":\"Ciela Village - Camping Le Pommier\",\"isPartOf\":{\"@id\":\"https:\\\/\\\/campinglepommier.com\\\/de\\\/#website\"},\"datePublished\":\"2022-04-22T13:46:49+00:00\",\"dateModified\":\"2022-04-27T09:19:20+00:00\",\"description\":\"Die anderen Campingpl\u00e4tze der Ciela Village Gruppe: Entdecken Sie unsere anderen Urlaubsziele mit Ciela Village!\",\"breadcrumb\":{\"@id\":\"https:\\\/\\\/campinglepommier.com\\\/de\\\/ciela-village\\\/#breadcrumb\"},\"inLanguage\":\"de\",\"potentialAction\":[{\"@type\":\"ReadAction\",\"target\":[\"https:\\\/\\\/campinglepommier.com\\\/de\\\/ciela-village\\\/\"]}]},{\"@type\":\"BreadcrumbList\",\"@id\":\"https:\\\/\\\/campinglepommier.com\\\/de\\\/ciela-village\\\/#breadcrumb\",\"itemListElement\":[{\"@type\":\"ListItem\",\"position\":1,\"name\":\"Camping Ard\u00e8che\",\"item\":\"https:\\\/\\\/campinglepommier.com\\\/de\\\/\"},{\"@type\":\"ListItem\",\"position\":2,\"name\":\"Ciela Village\"}]},{\"@type\":\"WebSite\",\"@id\":\"https:\\\/\\\/campinglepommier.com\\\/de\\\/#website\",\"url\":\"https:\\\/\\\/campinglepommier.com\\\/de\\\/\",\"name\":\"Camping Le Pommier\",\"description\":\"\",\"potentialAction\":[{\"@type\":\"SearchAction\",\"target\":{\"@type\":\"EntryPoint\",\"urlTemplate\":\"https:\\\/\\\/campinglepommier.com\\\/de\\\/?s={search_term_string}\"},\"query-input\":{\"@type\":\"PropertyValueSpecification\",\"valueRequired\":true,\"valueName\":\"search_term_string\"}}],\"inLanguage\":\"de\"}]}<\/script>\n<!-- \/ Yoast SEO plugin. -->","yoast_head_json":{"title":"Ciela Village - Camping Le Pommier","description":"Die anderen Campingpl\u00e4tze der Ciela Village Gruppe: Entdecken Sie unsere anderen Urlaubsziele mit Ciela Village!","robots":{"index":"index","follow":"follow","max-snippet":"max-snippet:-1","max-image-preview":"max-image-preview:large","max-video-preview":"max-video-preview:-1"},"canonical":"https:\/\/campinglepommier.com\/de\/ciela-village\/","og_locale":"de_DE","og_type":"article","og_title":"Ciela Village - Camping Le Pommier","og_description":"Die anderen Campingpl\u00e4tze der Ciela Village Gruppe: Entdecken Sie unsere anderen Urlaubsziele mit Ciela Village!","og_url":"https:\/\/campinglepommier.com\/de\/ciela-village\/","og_site_name":"Camping Le Pommier","article_modified_time":"2022-04-27T09:19:20+00:00","twitter_card":"summary_large_image","twitter_misc":{"Gesch\u00e4tzte Lesezeit":"2\u00a0Minuten"},"schema":{"@context":"https:\/\/schema.org","@graph":[{"@type":"WebPage","@id":"https:\/\/campinglepommier.com\/de\/ciela-village\/","url":"https:\/\/campinglepommier.com\/de\/ciela-village\/","name":"Ciela Village - Camping Le Pommier","isPartOf":{"@id":"https:\/\/campinglepommier.com\/de\/#website"},"datePublished":"2022-04-22T13:46:49+00:00","dateModified":"2022-04-27T09:19:20+00:00","description":"Die anderen Campingpl\u00e4tze der Ciela Village Gruppe: Entdecken Sie unsere anderen Urlaubsziele mit Ciela Village!","breadcrumb":{"@id":"https:\/\/campinglepommier.com\/de\/ciela-village\/#breadcrumb"},"inLanguage":"de","potentialAction":[{"@type":"ReadAction","target":["https:\/\/campinglepommier.com\/de\/ciela-village\/"]}]},{"@type":"BreadcrumbList","@id":"https:\/\/campinglepommier.com\/de\/ciela-village\/#breadcrumb","itemListElement":[{"@type":"ListItem","position":1,"name":"Camping Ard\u00e8che","item":"https:\/\/campinglepommier.com\/de\/"},{"@type":"ListItem","position":2,"name":"Ciela Village"}]},{"@type":"WebSite","@id":"https:\/\/campinglepommier.com\/de\/#website","url":"https:\/\/campinglepommier.com\/de\/","name":"Camping Le Pommier","description":"","potentialAction":[{"@type":"SearchAction","target":{"@type":"EntryPoint","urlTemplate":"https:\/\/campinglepommier.com\/de\/?s={search_term_string}"},"query-input":{"@type":"PropertyValueSpecification","valueRequired":true,"valueName":"search_term_string"}}],"inLanguage":"de"}]}},"_links":{"self":[{"href":"https:\/\/campinglepommier.com\/de\/wp-json\/wp\/v2\/pages\/1973","targetHints":{"allow":["GET"]}}],"collection":[{"href":"https:\/\/campinglepommier.com\/de\/wp-json\/wp\/v2\/pages"}],"about":[{"href":"https:\/\/campinglepommier.com\/de\/wp-json\/wp\/v2\/types\/page"}],"author":[{"embeddable":true,"href":"https:\/\/campinglepommier.com\/de\/wp-json\/wp\/v2\/users\/1"}],"replies":[{"embeddable":true,"href":"https:\/\/campinglepommier.com\/de\/wp-json\/wp\/v2\/comments?post=1973"}],"version-history":[{"count":4,"href":"https:\/\/campinglepommier.com\/de\/wp-json\/wp\/v2\/pages\/1973\/revisions"}],"predecessor-version":[{"id":2322,"href":"https:\/\/campinglepommier.com\/de\/wp-json\/wp\/v2\/pages\/1973\/revisions\/2322"}],"wp:attachment":[{"href":"https:\/\/campinglepommier.com\/de\/wp-json\/wp\/v2\/media?parent=1973"}],"curies":[{"name":"wp","href":"https:\/\/api.w.org\/{rel}","templated":true}]}}